{"id":951,"date":"2022-01-27T21:46:16","date_gmt":"2022-01-27T21:46:16","guid":{"rendered":"https:\/\/tecnicoenfarmaciayparafarmacia.com\/Formacion_farmacias\/?page_id=951"},"modified":"2022-01-27T21:46:17","modified_gmt":"2022-01-27T21:46:17","slug":"solicitud-de-informacion","status":"publish","type":"page","link":"https:\/\/tecnicoenfarmaciayparafarmacia.com\/Formacion_farmacias\/?page_id=951","title":{"rendered":"Solicitud de Informaci\u00f3n"},"content":{"rendered":"\n<div class=\"wp-block-media-text alignwide is-stacked-on-mobile is-image-fill\" style=\"grid-template-columns:31% auto\"><figure class=\"wp-block-media-text__media\" style=\"background-image:url(https:\/\/tecnicoenfarmaciayparafarmacia.com\/Formacion_farmacias\/wp-content\/uploads\/2022\/01\/TRANSF05.jpg);background-position:62% 51%\"><img loading=\"lazy\" width=\"626\" height=\"417\" src=\"https:\/\/tecnicoenfarmaciayparafarmacia.com\/Formacion_farmacias\/wp-content\/uploads\/2022\/01\/TRANSF05.jpg\" alt=\"\" class=\"wp-image-952 size-full\" srcset=\"https:\/\/tecnicoenfarmaciayparafarmacia.com\/Formacion_farmacias\/wp-content\/uploads\/2022\/01\/TRANSF05.jpg 626w, https:\/\/tecnicoenfarmaciayparafarmacia.com\/Formacion_farmacias\/wp-content\/uploads\/2022\/01\/TRANSF05-300x200.jpg 300w, https:\/\/tecnicoenfarmaciayparafarmacia.com\/Formacion_farmacias\/wp-content\/uploads\/2022\/01\/TRANSF05-174x116.jpg 174w\" sizes=\"(max-width: 626px) 100vw, 626px\" \/><\/figure><div class=\"wp-block-media-text__content\"><div class=\"wpforms-container wpforms-container-full\" id=\"wpforms-950\"><form id=\"wpforms-form-950\" class=\"wpforms-validate wpforms-form wpforms-ajax-form\" data-formid=\"950\" method=\"post\" enctype=\"multipart\/form-data\" action=\"\/Formacion_farmacias\/index.php?rest_route=%2Fwp%2Fv2%2Fpages%2F951\" data-token=\"56978ff2404b18fe650fae397d0e9037\"><noscript class=\"wpforms-error-noscript\">Por favor, activa JavaScript en tu navegador para completar este formulario.<\/noscript><div class=\"wpforms-field-container\"><div id=\"wpforms-950-field_7-container\" class=\"wpforms-field wpforms-field-text\" data-field-id=\"7\"><label class=\"wpforms-field-label\" for=\"wpforms-950-field_7\">Deseo recibir informaci\u00f3n del curso....<\/label><input type=\"text\" id=\"wpforms-950-field_7\" class=\"wpforms-field-medium\" name=\"wpforms[fields][7]\" ><\/div><div id=\"wpforms-950-field_6-container\" class=\"wpforms-field wpforms-field-select wpforms-field-select-style-classic\" data-field-id=\"6\"><label class=\"wpforms-field-label\" for=\"wpforms-950-field_6\">Elija una opci\u00f3n...<\/label><select id=\"wpforms-950-field_6\" class=\"wpforms-field-medium\" name=\"wpforms[fields][6]\"><option value=\"Farmac\u00e9utico\/a Titular\" >Farmac\u00e9utico\/a Titular<\/option><option value=\"Adjunto\/a\" >Adjunto\/a<\/option><option value=\"T\u00e9cnico en Farmacia\" >T\u00e9cnico en Farmacia<\/option><\/select><\/div><div id=\"wpforms-950-field_1-container\" class=\"wpforms-field wpforms-field-name\" data-field-id=\"1\"><label class=\"wpforms-field-label\" for=\"wpforms-950-field_1\">Nombre <span class=\"wpforms-required-label\">*<\/span><\/label><div class=\"wpforms-field-row wpforms-field-medium\"><div class=\"wpforms-field-row-block wpforms-first wpforms-one-half\"><input type=\"text\" id=\"wpforms-950-field_1\" class=\"wpforms-field-name-first wpforms-field-required\" name=\"wpforms[fields][1][first]\" required><label for=\"wpforms-950-field_1\" class=\"wpforms-field-sublabel after \">Nombre<\/label><\/div><div class=\"wpforms-field-row-block wpforms-one-half\"><input type=\"text\" id=\"wpforms-950-field_1-last\" class=\"wpforms-field-name-last wpforms-field-required\" name=\"wpforms[fields][1][last]\" required><label for=\"wpforms-950-field_1-last\" class=\"wpforms-field-sublabel after \">Apellidos<\/label><\/div><\/div><\/div><div id=\"wpforms-950-field_2-container\" class=\"wpforms-field wpforms-field-email\" data-field-id=\"2\"><label class=\"wpforms-field-label\" for=\"wpforms-950-field_2\">Correo electr\u00f3nico <span class=\"wpforms-required-label\">*<\/span><\/label><input type=\"email\" id=\"wpforms-950-field_2\" class=\"wpforms-field-medium wpforms-field-required\" name=\"wpforms[fields][2]\" required><\/div><div id=\"wpforms-950-field_4-container\" class=\"wpforms-field wpforms-field-text\" data-field-id=\"4\"><label class=\"wpforms-field-label\" for=\"wpforms-950-field_4\">Tel\u00e9fono de contacto... <span class=\"wpforms-required-label\">*<\/span><\/label><input type=\"text\" id=\"wpforms-950-field_4\" class=\"wpforms-field-medium wpforms-field-required\" name=\"wpforms[fields][4]\" required><\/div><div id=\"wpforms-950-field_5-container\" class=\"wpforms-field wpforms-field-radio\" data-field-id=\"5\"><label class=\"wpforms-field-label\" for=\"wpforms-950-field_5\">Elija una opci\u00f3n...<\/label><ul id=\"wpforms-950-field_5\"><li class=\"choice-1 depth-1\"><input type=\"radio\" id=\"wpforms-950-field_5_1\" name=\"wpforms[fields][5]\" value=\"Curso bonificado\"  ><label class=\"wpforms-field-label-inline\" for=\"wpforms-950-field_5_1\">Curso bonificado<\/label><\/li><li class=\"choice-2 depth-1\"><input type=\"radio\" id=\"wpforms-950-field_5_2\" name=\"wpforms[fields][5]\" value=\"Curso no bonificado\"  ><label class=\"wpforms-field-label-inline\" for=\"wpforms-950-field_5_2\">Curso no bonificado<\/label><\/li><li class=\"choice-3 depth-1\"><input type=\"radio\" id=\"wpforms-950-field_5_3\" name=\"wpforms[fields][5]\" value=\"Deseo conocer el cr\u00e9dito formativo de mi centro\"  ><label class=\"wpforms-field-label-inline\" for=\"wpforms-950-field_5_3\">Deseo conocer el cr\u00e9dito formativo de mi centro<\/label><\/li><\/ul><\/div><\/div><div class=\"wpforms-recaptcha-container wpforms-is-recaptcha\"><div class=\"g-recaptcha\" data-sitekey=\"6LdIAUAeAAAAAAzlbxx6NqaNZqSeujglyVSar52Q\"><\/div><input type=\"text\" name=\"g-recaptcha-hidden\" class=\"wpforms-recaptcha-hidden\" style=\"position:absolute!important;clip:rect(0,0,0,0)!important;height:1px!important;width:1px!important;border:0!important;overflow:hidden!important;padding:0!important;margin:0!important;\" required><\/div><div class=\"wpforms-submit-container\"><input type=\"hidden\" name=\"wpforms[id]\" value=\"950\"><input type=\"hidden\" name=\"wpforms[author]\" value=\"1\"><button type=\"submit\" name=\"wpforms[submit]\" id=\"wpforms-submit-950\" class=\"wpforms-submit\" data-alt-text=\"Enviando...\" data-submit-text=\"Enviar\" aria-live=\"assertive\" value=\"wpforms-submit\">Enviar<\/button><img src=\"https:\/\/tecnicoenfarmaciayparafarmacia.com\/Formacion_farmacias\/wp-content\/plugins\/wpforms-lite\/assets\/images\/submit-spin.svg\" class=\"wpforms-submit-spinner\" style=\"display: none;\" width=\"26\" height=\"26\" alt=\"\"><\/div><\/form><\/div>  <!-- .wpforms-container -->\n\n\n<p style=\"font-size:10px\"><strong>RGPD. <\/strong>Los datos que facilita en este formulario de inscripci\u00f3n ser\u00e1n incorporados a un fichero titularidad de Acci\u00f3n Formativa Global S.L., con domicilio en c\/ Granada 67, 1\u00aa planta, 29015 de M\u00e1laga. www.accionformativa.es.<br>Con la cumplimentaci\u00f3n y entrega de este formulario, el que suscribe presta su consentimiento para que Acci\u00f3n Formativa y sus entidades colaboradoras trate sus datos, as\u00ed como para informarle sobre actividades que se organicen por parte de Acci\u00f3n Formativa. En cualquier caso, el que suscribe puede ejercer, de acuerdo con la normativa vigente en materia de protecci\u00f3n de datos (RGPD UE\/2016\/679), sus derechos de acceso, rectificaci\u00f3n, supresi\u00f3n, limitaci\u00f3n, oposici\u00f3n y otros ante Acci\u00f3n Formativa, mediante escrito dirigido a la direcci\u00f3n de correo electr\u00f3nico info@accionformativa.es.<br>As\u00ed mismo, Acci\u00f3n Formativa Global S.L., se compromete a tratar con absoluta confidencialidad toda la informaci\u00f3n obtenida. <\/p>\n\n\n\n<p>Muchas gracias !!<\/p>\n<\/div><\/div>\n","protected":false},"excerpt":{"rendered":"","protected":false},"author":1,"featured_media":0,"parent":0,"menu_order":0,"comment_status":"closed","ping_status":"closed","template":"","meta":[],"yoast_head":"<!-- This site is optimized with the Yoast SEO plugin v18.0 - https:\/\/yoast.com\/wordpress\/plugins\/seo\/ -->\n<title>Solicitud de Informaci\u00f3n - Formaci\u00f3n Icofma<\/title>\n<meta name=\"robots\" content=\"index, follow, max-snippet:-1, max-image-preview:large, max-video-preview:-1\" \/>\n<link rel=\"canonical\" href=\"https:\/\/tecnicoenfarmaciayparafarmacia.com\/Formacion_farmacias\/?page_id=951\" \/>\n<meta property=\"og:locale\" content=\"es_ES\" \/>\n<meta property=\"og:type\" content=\"article\" \/>\n<meta property=\"og:title\" content=\"Solicitud de Informaci\u00f3n - Formaci\u00f3n Icofma\" \/>\n<meta property=\"og:url\" content=\"https:\/\/tecnicoenfarmaciayparafarmacia.com\/Formacion_farmacias\/?page_id=951\" \/>\n<meta property=\"og:site_name\" content=\"Formaci\u00f3n Icofma\" \/>\n<meta property=\"article:modified_time\" content=\"2022-01-27T21:46:17+00:00\" \/>\n<meta property=\"og:image\" content=\"https:\/\/tecnicoenfarmaciayparafarmacia.com\/Formacion_farmacias\/wp-content\/uploads\/2022\/01\/TRANSF05.jpg\" \/>\n<meta name=\"twitter:card\" content=\"summary_large_image\" \/>\n<meta name=\"twitter:label1\" content=\"Tiempo de lectura\" \/>\n\t<meta name=\"twitter:data1\" content=\"1 minuto\" \/>\n<script type=\"application\/ld+json\" class=\"yoast-schema-graph\">{\"@context\":\"https:\/\/schema.org\",\"@graph\":[{\"@type\":\"WebSite\",\"@id\":\"https:\/\/tecnicoenfarmaciayparafarmacia.com\/Formacion_farmacias\/#website\",\"url\":\"https:\/\/tecnicoenfarmaciayparafarmacia.com\/Formacion_farmacias\/\",\"name\":\"Formaci\u00f3n Icofma\",\"description\":\"Formaci\u00f3n por y para Farmacias\",\"potentialAction\":[{\"@type\":\"SearchAction\",\"target\":{\"@type\":\"EntryPoint\",\"urlTemplate\":\"https:\/\/tecnicoenfarmaciayparafarmacia.com\/Formacion_farmacias\/?s={search_term_string}\"},\"query-input\":\"required name=search_term_string\"}],\"inLanguage\":\"es\"},{\"@type\":\"ImageObject\",\"@id\":\"https:\/\/tecnicoenfarmaciayparafarmacia.com\/Formacion_farmacias\/?page_id=951#primaryimage\",\"inLanguage\":\"es\",\"url\":\"https:\/\/tecnicoenfarmaciayparafarmacia.com\/Formacion_farmacias\/wp-content\/uploads\/2022\/01\/TRANSF05.jpg\",\"contentUrl\":\"https:\/\/tecnicoenfarmaciayparafarmacia.com\/Formacion_farmacias\/wp-content\/uploads\/2022\/01\/TRANSF05.jpg\",\"width\":626,\"height\":417},{\"@type\":\"WebPage\",\"@id\":\"https:\/\/tecnicoenfarmaciayparafarmacia.com\/Formacion_farmacias\/?page_id=951#webpage\",\"url\":\"https:\/\/tecnicoenfarmaciayparafarmacia.com\/Formacion_farmacias\/?page_id=951\",\"name\":\"Solicitud de Informaci\u00f3n - Formaci\u00f3n Icofma\",\"isPartOf\":{\"@id\":\"https:\/\/tecnicoenfarmaciayparafarmacia.com\/Formacion_farmacias\/#website\"},\"primaryImageOfPage\":{\"@id\":\"https:\/\/tecnicoenfarmaciayparafarmacia.com\/Formacion_farmacias\/?page_id=951#primaryimage\"},\"datePublished\":\"2022-01-27T21:46:16+00:00\",\"dateModified\":\"2022-01-27T21:46:17+00:00\",\"breadcrumb\":{\"@id\":\"https:\/\/tecnicoenfarmaciayparafarmacia.com\/Formacion_farmacias\/?page_id=951#breadcrumb\"},\"inLanguage\":\"es\",\"potentialAction\":[{\"@type\":\"ReadAction\",\"target\":[\"https:\/\/tecnicoenfarmaciayparafarmacia.com\/Formacion_farmacias\/?page_id=951\"]}]},{\"@type\":\"BreadcrumbList\",\"@id\":\"https:\/\/tecnicoenfarmaciayparafarmacia.com\/Formacion_farmacias\/?page_id=951#breadcrumb\",\"itemListElement\":[{\"@type\":\"ListItem\",\"position\":1,\"name\":\"Home\",\"item\":\"https:\/\/tecnicoenfarmaciayparafarmacia.com\/Formacion_farmacias\/\"},{\"@type\":\"ListItem\",\"position\":2,\"name\":\"Solicitud de Informaci\u00f3n\"}]}]}<\/script>\n<!-- \/ Yoast SEO plugin. -->","yoast_head_json":{"title":"Solicitud de Informaci\u00f3n - Formaci\u00f3n Icofma","robots":{"index":"index","follow":"follow","max-snippet":"max-snippet:-1","max-image-preview":"max-image-preview:large","max-video-preview":"max-video-preview:-1"},"canonical":"https:\/\/tecnicoenfarmaciayparafarmacia.com\/Formacion_farmacias\/?page_id=951","og_locale":"es_ES","og_type":"article","og_title":"Solicitud de Informaci\u00f3n - Formaci\u00f3n Icofma","og_url":"https:\/\/tecnicoenfarmaciayparafarmacia.com\/Formacion_farmacias\/?page_id=951","og_site_name":"Formaci\u00f3n Icofma","article_modified_time":"2022-01-27T21:46:17+00:00","og_image":[{"url":"https:\/\/tecnicoenfarmaciayparafarmacia.com\/Formacion_farmacias\/wp-content\/uploads\/2022\/01\/TRANSF05.jpg"}],"twitter_card":"summary_large_image","twitter_misc":{"Tiempo de lectura":"1 minuto"},"schema":{"@context":"https:\/\/schema.org","@graph":[{"@type":"WebSite","@id":"https:\/\/tecnicoenfarmaciayparafarmacia.com\/Formacion_farmacias\/#website","url":"https:\/\/tecnicoenfarmaciayparafarmacia.com\/Formacion_farmacias\/","name":"Formaci\u00f3n Icofma","description":"Formaci\u00f3n por y para Farmacias","potentialAction":[{"@type":"SearchAction","target":{"@type":"EntryPoint","urlTemplate":"https:\/\/tecnicoenfarmaciayparafarmacia.com\/Formacion_farmacias\/?s={search_term_string}"},"query-input":"required name=search_term_string"}],"inLanguage":"es"},{"@type":"ImageObject","@id":"https:\/\/tecnicoenfarmaciayparafarmacia.com\/Formacion_farmacias\/?page_id=951#primaryimage","inLanguage":"es","url":"https:\/\/tecnicoenfarmaciayparafarmacia.com\/Formacion_farmacias\/wp-content\/uploads\/2022\/01\/TRANSF05.jpg","contentUrl":"https:\/\/tecnicoenfarmaciayparafarmacia.com\/Formacion_farmacias\/wp-content\/uploads\/2022\/01\/TRANSF05.jpg","width":626,"height":417},{"@type":"WebPage","@id":"https:\/\/tecnicoenfarmaciayparafarmacia.com\/Formacion_farmacias\/?page_id=951#webpage","url":"https:\/\/tecnicoenfarmaciayparafarmacia.com\/Formacion_farmacias\/?page_id=951","name":"Solicitud de Informaci\u00f3n - Formaci\u00f3n Icofma","isPartOf":{"@id":"https:\/\/tecnicoenfarmaciayparafarmacia.com\/Formacion_farmacias\/#website"},"primaryImageOfPage":{"@id":"https:\/\/tecnicoenfarmaciayparafarmacia.com\/Formacion_farmacias\/?page_id=951#primaryimage"},"datePublished":"2022-01-27T21:46:16+00:00","dateModified":"2022-01-27T21:46:17+00:00","breadcrumb":{"@id":"https:\/\/tecnicoenfarmaciayparafarmacia.com\/Formacion_farmacias\/?page_id=951#breadcrumb"},"inLanguage":"es","potentialAction":[{"@type":"ReadAction","target":["https:\/\/tecnicoenfarmaciayparafarmacia.com\/Formacion_farmacias\/?page_id=951"]}]},{"@type":"BreadcrumbList","@id":"https:\/\/tecnicoenfarmaciayparafarmacia.com\/Formacion_farmacias\/?page_id=951#breadcrumb","itemListElement":[{"@type":"ListItem","position":1,"name":"Home","item":"https:\/\/tecnicoenfarmaciayparafarmacia.com\/Formacion_farmacias\/"},{"@type":"ListItem","position":2,"name":"Solicitud de Informaci\u00f3n"}]}]}},"_links":{"self":[{"href":"https:\/\/tecnicoenfarmaciayparafarmacia.com\/Formacion_farmacias\/index.php?rest_route=\/wp\/v2\/pages\/951"}],"collection":[{"href":"https:\/\/tecnicoenfarmaciayparafarmacia.com\/Formacion_farmacias\/index.php?rest_route=\/wp\/v2\/pages"}],"about":[{"href":"https:\/\/tecnicoenfarmaciayparafarmacia.com\/Formacion_farmacias\/index.php?rest_route=\/wp\/v2\/types\/page"}],"author":[{"embeddable":true,"href":"https:\/\/tecnicoenfarmaciayparafarmacia.com\/Formacion_farmacias\/index.php?rest_route=\/wp\/v2\/users\/1"}],"replies":[{"embeddable":true,"href":"https:\/\/tecnicoenfarmaciayparafarmacia.com\/Formacion_farmacias\/index.php?rest_route=%2Fwp%2Fv2%2Fcomments&post=951"}],"version-history":[{"count":1,"href":"https:\/\/tecnicoenfarmaciayparafarmacia.com\/Formacion_farmacias\/index.php?rest_route=\/wp\/v2\/pages\/951\/revisions"}],"predecessor-version":[{"id":953,"href":"https:\/\/tecnicoenfarmaciayparafarmacia.com\/Formacion_farmacias\/index.php?rest_route=\/wp\/v2\/pages\/951\/revisions\/953"}],"wp:attachment":[{"href":"https:\/\/tecnicoenfarmaciayparafarmacia.com\/Formacion_farmacias\/index.php?rest_route=%2Fwp%2Fv2%2Fmedia&parent=951"}],"curies":[{"name":"wp","href":"https:\/\/api.w.org\/{rel}","templated":true}]}}