{"id":947,"date":"2022-01-27T21:09:44","date_gmt":"2022-01-27T21:09:44","guid":{"rendered":"https:\/\/tecnicoenfarmaciayparafarmacia.com\/Formacion_farmacias\/?page_id=947"},"modified":"2022-01-27T22:01:13","modified_gmt":"2022-01-27T22:01:13","slug":"cursos-de-transformacion-digital","status":"publish","type":"page","link":"https:\/\/tecnicoenfarmaciayparafarmacia.com\/Formacion_farmacias\/?page_id=947","title":{"rendered":"Cursos de Transformaci\u00f3n Digital"},"content":{"rendered":"\n<div class=\"wp-block-media-text alignwide has-media-on-the-right is-stacked-on-mobile is-vertically-aligned-top\" style=\"grid-template-columns:auto 40%\"><figure class=\"wp-block-media-text__media\"><img src=\"https:\/\/accionformativa.es\/formacion_SM\/wp-content\/uploads\/2022\/01\/TRANSF06.jpg\" alt=\"\" class=\"wp-image-1050 size-full\"\/><\/figure><div class=\"wp-block-media-text__content\">\n<p class=\"has-text-align-right\" style=\"font-size:24px\"><strong><span class=\"has-inline-color has-black-color\">Transformaci\u00f3n Digital<\/span><\/strong><\/p>\n\n\n\n<p class=\"has-text-align-right\"><span class=\"has-inline-color has-black-color\"><strong>Duraci\u00f3n: <\/strong>40 horas<\/span><\/p>\n\n\n\n<p class=\"has-text-align-right\"><span class=\"has-inline-color has-black-color\">P\u00fablico General: <strong>300\u20ac<\/strong><\/span><\/p>\n\n\n\n<p class=\"has-text-align-right has-medium-font-size\"><span class=\"has-inline-color has-black-color\">Centros Oficiales Silvia Moreno: <\/span><strong><span class=\"has-inline-color has-vivid-green-cyan-color\">240\u20ac<\/span><\/strong> <span class=\"has-inline-color has-black-color\">(bonificado)<\/span><\/p>\n\n\n\n<p class=\"has-text-align-right\"><a href=\"https:\/\/tecnicoenfarmaciayparafarmacia.com\/Formacion_farmacias\/?page_id=951\">M\u00e1s informaci\u00f3n<\/a><\/p>\n<\/div><\/div>\n\n\n\n<hr style=\"height:1px;border:none;color:#333;background-color:#333;\">\n\n\n\n<div class=\"wp-block-media-text alignwide is-stacked-on-mobile is-vertically-aligned-top has-cyan-bluish-gray-color has-text-color\" style=\"grid-template-columns:40% auto\"><figure class=\"wp-block-media-text__media\"><img src=\"https:\/\/accionformativa.es\/formacion_SM\/wp-content\/uploads\/2022\/01\/TRANSF04.jpg\" alt=\"\" class=\"wp-image-1048 size-full\"\/><\/figure><div class=\"wp-block-media-text__content\">\n<p class=\"has-text-align-left has-black-color has-text-color\" style=\"font-size:24px\"><strong>Directivo \u00c1gil en la Transformaci\u00f3n Digital<\/strong><\/p>\n\n\n\n<p class=\"has-text-align-left has-black-color has-text-color\"><span class=\"has-inline-color has-black-color\"><strong>Duraci\u00f3n: <\/strong>15 horas<\/span><\/p>\n\n\n\n<p><span class=\"has-inline-color has-black-color\">P\u00fablico General: <strong>115\u20ac<\/strong><\/span><\/p>\n\n\n\n<p class=\"has-medium-font-size\"><span class=\"has-inline-color has-black-color\">Centros Oficiales Silvia Moreno: <\/span><strong><span class=\"has-inline-color has-vivid-green-cyan-color\">90\u20ac<\/span><\/strong> <span class=\"has-inline-color has-black-color\">(bonificado)<\/span><\/p>\n\n\n\n<p class=\"has-text-align-left\"><a href=\"https:\/\/accionformativa.es\/formacion_SM\/?page_id=966\"><a href=\"https:\/\/tecnicoenfarmaciayparafarmacia.com\/Formacion_farmacias\/?page_id=951\">M\u00e1s informaci\u00f3n<\/a><\/a><\/p>\n<\/div><\/div>\n\n\n\n<hr style=\"height:1px;border:none;color:#333;background-color:#333;\">\n\n\n\n<div class=\"wp-block-media-text alignwide has-media-on-the-right is-stacked-on-mobile is-vertically-aligned-top\" style=\"grid-template-columns:auto 40%\"><figure class=\"wp-block-media-text__media\"><img src=\"https:\/\/accionformativa.es\/formacion_SM\/wp-content\/uploads\/2022\/01\/TRANSF02.jpg\" alt=\"\" class=\"wp-image-1046 size-full\"\/><\/figure><div class=\"wp-block-media-text__content\">\n<p class=\"has-text-align-right\" style=\"font-size:24px\"><strong>Innovaci\u00f3n empresarial<\/strong><\/p>\n\n\n\n<p class=\"has-text-align-right\"><span class=\"has-inline-color has-black-color\"><strong>Duraci\u00f3n: <\/strong>25 horas<\/span><\/p>\n\n\n\n<p class=\"has-text-align-right\"><span class=\"has-inline-color has-black-color\">P\u00fablico General: <strong>190\u20ac<\/strong><\/span><\/p>\n\n\n\n<p class=\"has-text-align-right has-medium-font-size\"><span class=\"has-inline-color has-black-color\">Centros Oficiales Silvia Moreno: <\/span><strong><span class=\"has-inline-color has-vivid-green-cyan-color\">150\u20ac<\/span><\/strong> <span class=\"has-inline-color has-black-color\">(bonificado)<\/span><\/p>\n\n\n\n<p class=\"has-text-align-right\"><a href=\"https:\/\/accionformativa.es\/formacion_SM\/?page_id=966\"><a href=\"https:\/\/tecnicoenfarmaciayparafarmacia.com\/Formacion_farmacias\/?page_id=951\">M\u00e1s informaci\u00f3n<\/a><\/a><\/p>\n<\/div><\/div>\n\n\n\n<hr style=\"height:1px;border:none;color:#333;background-color:#333;\">\n\n\n\n<div class=\"wp-block-media-text alignwide is-stacked-on-mobile is-vertically-aligned-top has-cyan-bluish-gray-color has-text-color\" style=\"grid-template-columns:40% auto\"><figure class=\"wp-block-media-text__media\"><img src=\"https:\/\/accionformativa.es\/formacion_SM\/wp-content\/uploads\/2022\/01\/TRANSF03.jpg\" alt=\"\" class=\"wp-image-1047 size-full\"\/><\/figure><div class=\"wp-block-media-text__content\">\n<p class=\"has-text-align-left has-black-color has-text-color\" style=\"font-size:24px\"><strong>Gesti\u00f3n de proyectos de innovaci\u00f3n<\/strong><\/p>\n\n\n\n<p class=\"has-text-align-left\"><span class=\"has-inline-color has-black-color\"><strong>Duraci\u00f3n: <\/strong>6 horas<\/span><\/p>\n\n\n\n<p><span class=\"has-inline-color has-black-color\">P\u00fablico General: <strong>45\u20ac<\/strong><\/span><\/p>\n\n\n\n<p class=\"has-medium-font-size\"><span class=\"has-inline-color has-black-color\">ColeCentros Oficiales Silvia Moreno: <\/span><strong><span class=\"has-inline-color has-vivid-green-cyan-color\">35\u20ac<\/span><\/strong> <span class=\"has-inline-color has-black-color\">(bonificado)<\/span><\/p>\n\n\n\n<p class=\"has-text-align-left\"><a href=\"https:\/\/accionformativa.es\/formacion_SM\/?page_id=966\"><a href=\"https:\/\/tecnicoenfarmaciayparafarmacia.com\/Formacion_farmacias\/?page_id=951\">M\u00e1s informaci\u00f3n<\/a><\/a><\/p>\n<\/div><\/div>\n\n\n\n<hr style=\"height:1px;border:none;color:#333;background-color:#333;\">\n\n\n\n<div class=\"wp-block-media-text alignwide has-media-on-the-right is-stacked-on-mobile is-vertically-aligned-top\" style=\"grid-template-columns:auto 40%\"><figure class=\"wp-block-media-text__media\"><img src=\"https:\/\/accionformativa.es\/formacion_SM\/wp-content\/uploads\/2022\/01\/TRANSF05.jpg\" alt=\"\" class=\"wp-image-1049 size-full\"\/><\/figure><div class=\"wp-block-media-text__content\">\n<p class=\"has-text-align-right\" style=\"font-size:24px\"><strong>T\u00e9cnicas de creatividad empresarial<\/strong><\/p>\n\n\n\n<p class=\"has-text-align-right\"><strong>Duraci\u00f3n: <\/strong>8 horas<\/p>\n\n\n\n<p class=\"has-text-align-right\"><span class=\"has-inline-color has-black-color\"><span class=\"has-inline-color has-black-color\">P\u00fablico General: <strong>60\u20ac<\/strong><\/span><\/span><\/p>\n\n\n\n<p class=\"has-text-align-right has-medium-font-size\"><span class=\"has-inline-color has-black-color\">Centros Oficiales Silvia Moreno: <\/span><strong><span class=\"has-inline-color has-vivid-green-cyan-color\">45\u20ac<\/span><\/strong> <span class=\"has-inline-color has-black-color\">(bonificado<\/span>)<\/p>\n\n\n\n<p class=\"has-text-align-right\"><a href=\"https:\/\/accionformativa.es\/formacion_SM\/?page_id=966\"><a href=\"https:\/\/tecnicoenfarmaciayparafarmacia.com\/Formacion_farmacias\/?page_id=951\">M\u00e1s informaci\u00f3n<\/a><\/a><\/p>\n<\/div><\/div>\n\n\n\n<hr style=\"height:1px;border:none;color:#333;background-color:#333;\">\n\n\n\n<div class=\"wp-block-media-text alignwide is-stacked-on-mobile is-vertically-aligned-top has-cyan-bluish-gray-color has-text-color\" style=\"grid-template-columns:40% auto\"><figure class=\"wp-block-media-text__media\"><img src=\"https:\/\/accionformativa.es\/formacion_SM\/wp-content\/uploads\/2022\/01\/TRANSF04.jpg\" alt=\"\" class=\"wp-image-1048 size-full\"\/><\/figure><div class=\"wp-block-media-text__content\">\n<p class=\"has-text-align-left has-black-color has-text-color\" style=\"font-size:24px\"><strong>Directivo \u00c1gil en la Transformaci\u00f3n Digital<\/strong><\/p>\n\n\n\n<p class=\"has-text-align-left has-black-color has-text-color\"><span class=\"has-inline-color has-black-color\"><strong>Duraci\u00f3n: <\/strong>15 horas<\/span><\/p>\n\n\n\n<p><span class=\"has-inline-color has-black-color\">P\u00fablico General: <strong>115\u20ac<\/strong><\/span><\/p>\n\n\n\n<p class=\"has-medium-font-size\"><span class=\"has-inline-color has-black-color\">Centros Oficiales Silvia Moreno: <\/span><strong><span class=\"has-inline-color has-vivid-green-cyan-color\">90\u20ac<\/span><\/strong> <span class=\"has-inline-color has-black-color\">(bonificado)<\/span><\/p>\n\n\n\n<p class=\"has-text-align-left\"><a href=\"https:\/\/accionformativa.es\/formacion_SM\/?page_id=966\"><a href=\"https:\/\/tecnicoenfarmaciayparafarmacia.com\/Formacion_farmacias\/?page_id=951\">M\u00e1s informaci\u00f3n<\/a><\/a><\/p>\n<\/div><\/div>\n\n\n\n<hr style=\"height:1px;border:none;color:#333;background-color:#333;\">\n\n\n\n<div class=\"wp-block-media-text alignwide has-media-on-the-right is-stacked-on-mobile is-vertically-aligned-top\" style=\"grid-template-columns:auto 40%\"><figure class=\"wp-block-media-text__media\"><img src=\"https:\/\/accionformativa.es\/formacion_SM\/wp-content\/uploads\/2022\/01\/TRANSF02.jpg\" alt=\"\" class=\"wp-image-1046 size-full\"\/><\/figure><div class=\"wp-block-media-text__content\">\n<p class=\"has-text-align-right\" style=\"font-size:24px\"><strong>Innovaci\u00f3n empresarial<\/strong><\/p>\n\n\n\n<p class=\"has-text-align-right\"><span class=\"has-inline-color has-black-color\"><strong>Duraci\u00f3n: <\/strong>25 horas<\/span><\/p>\n\n\n\n<p class=\"has-text-align-right\"><span class=\"has-inline-color has-black-color\">P\u00fablico General: <strong>190\u20ac<\/strong><\/span><\/p>\n\n\n\n<p class=\"has-text-align-right has-medium-font-size\"><span class=\"has-inline-color has-black-color\">Centros Oficiales Silvia Moreno: <\/span><strong><span class=\"has-inline-color has-vivid-green-cyan-color\">150\u20ac<\/span><\/strong> <span class=\"has-inline-color has-black-color\">(bonificado)<\/span><\/p>\n\n\n\n<p class=\"has-text-align-right\"><a href=\"https:\/\/accionformativa.es\/formacion_SM\/?page_id=966\"><a href=\"https:\/\/tecnicoenfarmaciayparafarmacia.com\/Formacion_farmacias\/?page_id=951\">M\u00e1s informaci\u00f3n<\/a><\/a><\/p>\n<\/div><\/div>\n\n\n\n<hr style=\"height:1px;border:none;color:#333;background-color:#333;\">\n\n\n\n<div class=\"wp-block-media-text alignwide is-stacked-on-mobile is-vertically-aligned-top has-cyan-bluish-gray-color has-text-color\" style=\"grid-template-columns:40% auto\"><figure class=\"wp-block-media-text__media\"><img src=\"https:\/\/accionformativa.es\/formacion_SM\/wp-content\/uploads\/2022\/01\/TRANSF03.jpg\" alt=\"\" class=\"wp-image-1047 size-full\"\/><\/figure><div class=\"wp-block-media-text__content\">\n<p class=\"has-text-align-left has-black-color has-text-color\" style=\"font-size:24px\"><strong>Gesti\u00f3n de proyectos de innovaci\u00f3n<\/strong><\/p>\n\n\n\n<p class=\"has-text-align-left\"><span class=\"has-inline-color has-black-color\"><strong>Duraci\u00f3n: <\/strong>6 horas<\/span><\/p>\n\n\n\n<p><span class=\"has-inline-color has-black-color\">P\u00fablico General: <strong>45\u20ac<\/strong><\/span><\/p>\n\n\n\n<p class=\"has-medium-font-size\"><span class=\"has-inline-color has-black-color\">ColeCentros Oficiales Silvia Moreno: <\/span><strong><span class=\"has-inline-color has-vivid-green-cyan-color\">35\u20ac<\/span><\/strong> <span class=\"has-inline-color has-black-color\">(bonificado)<\/span><\/p>\n\n\n\n<p class=\"has-text-align-left\"><a href=\"https:\/\/accionformativa.es\/formacion_SM\/?page_id=966\"><a href=\"https:\/\/tecnicoenfarmaciayparafarmacia.com\/Formacion_farmacias\/?page_id=951\">M\u00e1s informaci\u00f3n<\/a><\/a><\/p>\n<\/div><\/div>\n\n\n\n<hr style=\"height:1px;border:none;color:#333;background-color:#333;\">\n\n\n\n<div class=\"wp-block-media-text alignwide has-media-on-the-right is-stacked-on-mobile is-vertically-aligned-top\" style=\"grid-template-columns:auto 40%\"><figure class=\"wp-block-media-text__media\"><img src=\"https:\/\/accionformativa.es\/formacion_SM\/wp-content\/uploads\/2022\/01\/TRANSF05.jpg\" alt=\"\" class=\"wp-image-1049 size-full\"\/><\/figure><div class=\"wp-block-media-text__content\">\n<p class=\"has-text-align-right\" style=\"font-size:24px\"><strong>T\u00e9cnicas de creatividad empresarial<\/strong><\/p>\n\n\n\n<p class=\"has-text-align-right\"><strong>Duraci\u00f3n: <\/strong>8 horas<\/p>\n\n\n\n<p class=\"has-text-align-right\"><span class=\"has-inline-color has-black-color\"><span class=\"has-inline-color has-black-color\">P\u00fablico General: <strong>60\u20ac<\/strong><\/span><\/span><\/p>\n\n\n\n<p class=\"has-text-align-right has-medium-font-size\"><span class=\"has-inline-color has-black-color\">Centros Oficiales Silvia Moreno: <\/span><strong><span class=\"has-inline-color has-vivid-green-cyan-color\">45\u20ac<\/span><\/strong> <span class=\"has-inline-color has-black-color\">(bonificado<\/span>)<\/p>\n\n\n\n<p class=\"has-text-align-right\"><a href=\"https:\/\/accionformativa.es\/formacion_SM\/?page_id=966\"><a href=\"https:\/\/tecnicoenfarmaciayparafarmacia.com\/Formacion_farmacias\/?page_id=951\">M\u00e1s informaci\u00f3n<\/a><\/a><\/p>\n<\/div><\/div>\n\n\n\n<hr style=\"height:1px;border:none;color:#333;background-color:#333;\">\n","protected":false},"excerpt":{"rendered":"<p>Transformaci\u00f3n Digital Duraci\u00f3n: 40 horas P\u00fablico General: 300\u20ac Centros Oficiales Silvia Moreno: 240\u20ac (bonificado) M\u00e1s informaci\u00f3n Directivo \u00c1gil en la Transformaci\u00f3n Digital Duraci\u00f3n: 15 horas P\u00fablico General: 115\u20ac Centros Oficiales Silvia Moreno: 90\u20ac (bonificado) M\u00e1s informaci\u00f3n Innovaci\u00f3n empresarial Duraci\u00f3n: 25 horas P\u00fablico General: 190\u20ac Centros Oficiales Silvia Moreno: 150\u20ac (bonificado) M\u00e1s informaci\u00f3n Gesti\u00f3n de proyectos &hellip; <\/p>\n<p class=\"link-more\"><a href=\"https:\/\/tecnicoenfarmaciayparafarmacia.com\/Formacion_farmacias\/?page_id=947\" class=\"more-link\">Leer m\u00e1s<span class=\"screen-reader-text\"> \u00abCursos de Transformaci\u00f3n Digital\u00bb<\/span><\/a><\/p>\n","protected":false},"author":1,"featured_media":0,"parent":0,"menu_order":0,"comment_status":"closed","ping_status":"closed","template":"","meta":[],"yoast_head":"<!-- This site is optimized with the Yoast SEO plugin v18.0 - https:\/\/yoast.com\/wordpress\/plugins\/seo\/ -->\n<title>Cursos de Transformaci\u00f3n Digital - Formaci\u00f3n Icofma<\/title>\n<meta name=\"robots\" content=\"index, follow, max-snippet:-1, max-image-preview:large, max-video-preview:-1\" \/>\n<link rel=\"canonical\" href=\"https:\/\/tecnicoenfarmaciayparafarmacia.com\/Formacion_farmacias\/?page_id=947\" \/>\n<meta property=\"og:locale\" content=\"es_ES\" \/>\n<meta property=\"og:type\" content=\"article\" \/>\n<meta property=\"og:title\" content=\"Cursos de Transformaci\u00f3n Digital - Formaci\u00f3n Icofma\" \/>\n<meta property=\"og:description\" content=\"Transformaci\u00f3n Digital Duraci\u00f3n: 40 horas P\u00fablico General: 300\u20ac Centros Oficiales Silvia Moreno: 240\u20ac (bonificado) M\u00e1s informaci\u00f3n Directivo \u00c1gil en la Transformaci\u00f3n Digital Duraci\u00f3n: 15 horas P\u00fablico General: 115\u20ac Centros Oficiales Silvia Moreno: 90\u20ac (bonificado) M\u00e1s informaci\u00f3n Innovaci\u00f3n empresarial Duraci\u00f3n: 25 horas P\u00fablico General: 190\u20ac Centros Oficiales Silvia Moreno: 150\u20ac (bonificado) M\u00e1s informaci\u00f3n Gesti\u00f3n de proyectos &hellip; Leer m\u00e1s \u00abCursos de Transformaci\u00f3n Digital\u00bb\" \/>\n<meta property=\"og:url\" content=\"https:\/\/tecnicoenfarmaciayparafarmacia.com\/Formacion_farmacias\/?page_id=947\" \/>\n<meta property=\"og:site_name\" content=\"Formaci\u00f3n Icofma\" \/>\n<meta property=\"article:modified_time\" content=\"2022-01-27T22:01:13+00:00\" \/>\n<meta property=\"og:image\" content=\"https:\/\/accionformativa.es\/formacion_SM\/wp-content\/uploads\/2022\/01\/TRANSF06.jpg\" \/>\n<meta name=\"twitter:card\" content=\"summary_large_image\" \/>\n<meta name=\"twitter:label1\" content=\"Tiempo de lectura\" \/>\n\t<meta name=\"twitter:data1\" content=\"3 minutos\" \/>\n<script type=\"application\/ld+json\" class=\"yoast-schema-graph\">{\"@context\":\"https:\/\/schema.org\",\"@graph\":[{\"@type\":\"WebSite\",\"@id\":\"https:\/\/tecnicoenfarmaciayparafarmacia.com\/Formacion_farmacias\/#website\",\"url\":\"https:\/\/tecnicoenfarmaciayparafarmacia.com\/Formacion_farmacias\/\",\"name\":\"Formaci\u00f3n Icofma\",\"description\":\"Formaci\u00f3n por y para Farmacias\",\"potentialAction\":[{\"@type\":\"SearchAction\",\"target\":{\"@type\":\"EntryPoint\",\"urlTemplate\":\"https:\/\/tecnicoenfarmaciayparafarmacia.com\/Formacion_farmacias\/?s={search_term_string}\"},\"query-input\":\"required name=search_term_string\"}],\"inLanguage\":\"es\"},{\"@type\":\"ImageObject\",\"@id\":\"https:\/\/tecnicoenfarmaciayparafarmacia.com\/Formacion_farmacias\/?page_id=947#primaryimage\",\"inLanguage\":\"es\",\"url\":\"https:\/\/accionformativa.es\/formacion_SM\/wp-content\/uploads\/2022\/01\/TRANSF06.jpg\",\"contentUrl\":\"https:\/\/accionformativa.es\/formacion_SM\/wp-content\/uploads\/2022\/01\/TRANSF06.jpg\"},{\"@type\":\"WebPage\",\"@id\":\"https:\/\/tecnicoenfarmaciayparafarmacia.com\/Formacion_farmacias\/?page_id=947#webpage\",\"url\":\"https:\/\/tecnicoenfarmaciayparafarmacia.com\/Formacion_farmacias\/?page_id=947\",\"name\":\"Cursos de Transformaci\u00f3n Digital - Formaci\u00f3n Icofma\",\"isPartOf\":{\"@id\":\"https:\/\/tecnicoenfarmaciayparafarmacia.com\/Formacion_farmacias\/#website\"},\"primaryImageOfPage\":{\"@id\":\"https:\/\/tecnicoenfarmaciayparafarmacia.com\/Formacion_farmacias\/?page_id=947#primaryimage\"},\"datePublished\":\"2022-01-27T21:09:44+00:00\",\"dateModified\":\"2022-01-27T22:01:13+00:00\",\"breadcrumb\":{\"@id\":\"https:\/\/tecnicoenfarmaciayparafarmacia.com\/Formacion_farmacias\/?page_id=947#breadcrumb\"},\"inLanguage\":\"es\",\"potentialAction\":[{\"@type\":\"ReadAction\",\"target\":[\"https:\/\/tecnicoenfarmaciayparafarmacia.com\/Formacion_farmacias\/?page_id=947\"]}]},{\"@type\":\"BreadcrumbList\",\"@id\":\"https:\/\/tecnicoenfarmaciayparafarmacia.com\/Formacion_farmacias\/?page_id=947#breadcrumb\",\"itemListElement\":[{\"@type\":\"ListItem\",\"position\":1,\"name\":\"Home\",\"item\":\"https:\/\/tecnicoenfarmaciayparafarmacia.com\/Formacion_farmacias\/\"},{\"@type\":\"ListItem\",\"position\":2,\"name\":\"Cursos de Transformaci\u00f3n Digital\"}]}]}<\/script>\n<!-- \/ Yoast SEO plugin. -->","yoast_head_json":{"title":"Cursos de Transformaci\u00f3n Digital - Formaci\u00f3n Icofma","robots":{"index":"index","follow":"follow","max-snippet":"max-snippet:-1","max-image-preview":"max-image-preview:large","max-video-preview":"max-video-preview:-1"},"canonical":"https:\/\/tecnicoenfarmaciayparafarmacia.com\/Formacion_farmacias\/?page_id=947","og_locale":"es_ES","og_type":"article","og_title":"Cursos de Transformaci\u00f3n Digital - Formaci\u00f3n Icofma","og_description":"Transformaci\u00f3n Digital Duraci\u00f3n: 40 horas P\u00fablico General: 300\u20ac Centros Oficiales Silvia Moreno: 240\u20ac (bonificado) M\u00e1s informaci\u00f3n Directivo \u00c1gil en la Transformaci\u00f3n Digital Duraci\u00f3n: 15 horas P\u00fablico General: 115\u20ac Centros Oficiales Silvia Moreno: 90\u20ac (bonificado) M\u00e1s informaci\u00f3n Innovaci\u00f3n empresarial Duraci\u00f3n: 25 horas P\u00fablico General: 190\u20ac Centros Oficiales Silvia Moreno: 150\u20ac (bonificado) M\u00e1s informaci\u00f3n Gesti\u00f3n de proyectos &hellip; Leer m\u00e1s \u00abCursos de Transformaci\u00f3n Digital\u00bb","og_url":"https:\/\/tecnicoenfarmaciayparafarmacia.com\/Formacion_farmacias\/?page_id=947","og_site_name":"Formaci\u00f3n Icofma","article_modified_time":"2022-01-27T22:01:13+00:00","og_image":[{"url":"https:\/\/accionformativa.es\/formacion_SM\/wp-content\/uploads\/2022\/01\/TRANSF06.jpg"}],"twitter_card":"summary_large_image","twitter_misc":{"Tiempo de lectura":"3 minutos"},"schema":{"@context":"https:\/\/schema.org","@graph":[{"@type":"WebSite","@id":"https:\/\/tecnicoenfarmaciayparafarmacia.com\/Formacion_farmacias\/#website","url":"https:\/\/tecnicoenfarmaciayparafarmacia.com\/Formacion_farmacias\/","name":"Formaci\u00f3n Icofma","description":"Formaci\u00f3n por y para Farmacias","potentialAction":[{"@type":"SearchAction","target":{"@type":"EntryPoint","urlTemplate":"https:\/\/tecnicoenfarmaciayparafarmacia.com\/Formacion_farmacias\/?s={search_term_string}"},"query-input":"required name=search_term_string"}],"inLanguage":"es"},{"@type":"ImageObject","@id":"https:\/\/tecnicoenfarmaciayparafarmacia.com\/Formacion_farmacias\/?page_id=947#primaryimage","inLanguage":"es","url":"https:\/\/accionformativa.es\/formacion_SM\/wp-content\/uploads\/2022\/01\/TRANSF06.jpg","contentUrl":"https:\/\/accionformativa.es\/formacion_SM\/wp-content\/uploads\/2022\/01\/TRANSF06.jpg"},{"@type":"WebPage","@id":"https:\/\/tecnicoenfarmaciayparafarmacia.com\/Formacion_farmacias\/?page_id=947#webpage","url":"https:\/\/tecnicoenfarmaciayparafarmacia.com\/Formacion_farmacias\/?page_id=947","name":"Cursos de Transformaci\u00f3n Digital - Formaci\u00f3n Icofma","isPartOf":{"@id":"https:\/\/tecnicoenfarmaciayparafarmacia.com\/Formacion_farmacias\/#website"},"primaryImageOfPage":{"@id":"https:\/\/tecnicoenfarmaciayparafarmacia.com\/Formacion_farmacias\/?page_id=947#primaryimage"},"datePublished":"2022-01-27T21:09:44+00:00","dateModified":"2022-01-27T22:01:13+00:00","breadcrumb":{"@id":"https:\/\/tecnicoenfarmaciayparafarmacia.com\/Formacion_farmacias\/?page_id=947#breadcrumb"},"inLanguage":"es","potentialAction":[{"@type":"ReadAction","target":["https:\/\/tecnicoenfarmaciayparafarmacia.com\/Formacion_farmacias\/?page_id=947"]}]},{"@type":"BreadcrumbList","@id":"https:\/\/tecnicoenfarmaciayparafarmacia.com\/Formacion_farmacias\/?page_id=947#breadcrumb","itemListElement":[{"@type":"ListItem","position":1,"name":"Home","item":"https:\/\/tecnicoenfarmaciayparafarmacia.com\/Formacion_farmacias\/"},{"@type":"ListItem","position":2,"name":"Cursos de Transformaci\u00f3n Digital"}]}]}},"_links":{"self":[{"href":"https:\/\/tecnicoenfarmaciayparafarmacia.com\/Formacion_farmacias\/index.php?rest_route=\/wp\/v2\/pages\/947"}],"collection":[{"href":"https:\/\/tecnicoenfarmaciayparafarmacia.com\/Formacion_farmacias\/index.php?rest_route=\/wp\/v2\/pages"}],"about":[{"href":"https:\/\/tecnicoenfarmaciayparafarmacia.com\/Formacion_farmacias\/index.php?rest_route=\/wp\/v2\/types\/page"}],"author":[{"embeddable":true,"href":"https:\/\/tecnicoenfarmaciayparafarmacia.com\/Formacion_farmacias\/index.php?rest_route=\/wp\/v2\/users\/1"}],"replies":[{"embeddable":true,"href":"https:\/\/tecnicoenfarmaciayparafarmacia.com\/Formacion_farmacias\/index.php?rest_route=%2Fwp%2Fv2%2Fcomments&post=947"}],"version-history":[{"count":2,"href":"https:\/\/tecnicoenfarmaciayparafarmacia.com\/Formacion_farmacias\/index.php?rest_route=\/wp\/v2\/pages\/947\/revisions"}],"predecessor-version":[{"id":961,"href":"https:\/\/tecnicoenfarmaciayparafarmacia.com\/Formacion_farmacias\/index.php?rest_route=\/wp\/v2\/pages\/947\/revisions\/961"}],"wp:attachment":[{"href":"https:\/\/tecnicoenfarmaciayparafarmacia.com\/Formacion_farmacias\/index.php?rest_route=%2Fwp%2Fv2%2Fmedia&parent=947"}],"curies":[{"name":"wp","href":"https:\/\/api.w.org\/{rel}","templated":true}]}}