{"id":828,"date":"2021-11-13T15:47:11","date_gmt":"2021-11-13T15:47:11","guid":{"rendered":"https:\/\/tecnicoenfarmaciayparafarmacia.com\/Formacion_farmacias\/?page_id=828"},"modified":"2022-02-10T12:10:25","modified_gmt":"2022-02-10T12:10:25","slug":"pildoras-formativas","status":"publish","type":"page","link":"https:\/\/tecnicoenfarmaciayparafarmacia.com\/Formacion_farmacias\/?page_id=828","title":{"rendered":"P\u00edldoras AutoFormativas"},"content":{"rendered":"\n<p><a onclick=\"window.history.go(-1); return false;\" href=\"#\">volver atr\u00e1s<\/a><\/p>\n\n\n\n<p style=\"font-size:28px\"><strong>P\u00edldoras AutoFormativas<\/strong> (PAF)<\/p>\n\n\n\n<p>La formaci\u00f3n en peque\u00f1as dosis<\/p>\n\n\n\n<div class=\"wp-block-media-text alignwide is-stacked-on-mobile\" style=\"grid-template-columns:34% auto\"><figure class=\"wp-block-media-text__media\"><img loading=\"lazy\" width=\"650\" height=\"436\" src=\"https:\/\/tecnicoenfarmaciayparafarmacia.com\/Formacion_farmacias\/wp-content\/uploads\/2021\/11\/pildoras-650x436-1.jpg\" alt=\"\" class=\"wp-image-829 size-full\" srcset=\"https:\/\/tecnicoenfarmaciayparafarmacia.com\/Formacion_farmacias\/wp-content\/uploads\/2021\/11\/pildoras-650x436-1.jpg 650w, https:\/\/tecnicoenfarmaciayparafarmacia.com\/Formacion_farmacias\/wp-content\/uploads\/2021\/11\/pildoras-650x436-1-300x201.jpg 300w, https:\/\/tecnicoenfarmaciayparafarmacia.com\/Formacion_farmacias\/wp-content\/uploads\/2021\/11\/pildoras-650x436-1-173x116.jpg 173w\" sizes=\"(max-width: 650px) 100vw, 650px\" \/><\/figure><div class=\"wp-block-media-text__content\">\n<p class=\"has-normal-font-size\">Las&nbsp;PAF, <strong>Pildoras AutoFormativas, <\/strong>son peque\u00f1as unidades formativas independientes y modulables, dise\u00f1adas con un exclusivo m\u00e9todo pedag\u00f3gico y con una duraci\u00f3n determinada.&nbsp;<\/p>\n\n\n\n<p>Est\u00e1n pensadas para ser consumidas de forma aut\u00f3noma y pueden utilizarse como unidades formativas independientes, como complemento a un curso de mayor duraci\u00f3n o bien como parte de un programa de formaci\u00f3n.&nbsp;<\/p>\n\n\n\n<p>Normalmente, la duraci\u00f3n de estas P\u00edldoras AutoFormativas es de 1 a 2 horas y se realizan 100% online.<\/p>\n<\/div><\/div>\n\n\n\n<div style=\"height:39px\" aria-hidden=\"true\" class=\"wp-block-spacer\"><\/div>\n\n\n\n<h2>\u00bfQuieres probar una p\u00edldora?<\/h2>\n\n\n\n<p>Te recetamos la siguiente para que la pruebes y nos digas qu\u00e9 tal te sienta&#8230;<\/p>\n\n\n\n<div class=\"wp-block-media-text alignwide is-stacked-on-mobile is-vertically-aligned-top is-image-fill\"><figure class=\"wp-block-media-text__media\" style=\"background-image:url(https:\/\/tecnicoenfarmaciayparafarmacia.com\/Formacion_farmacias\/wp-content\/uploads\/2022\/02\/soft01.jpg);background-position:14.000000000000002% 69%\"><a href=\"https:\/\/www.campusvirtualdeformacion.es\/Icofma\/\"><img loading=\"lazy\" width=\"626\" height=\"296\" src=\"https:\/\/tecnicoenfarmaciayparafarmacia.com\/Formacion_farmacias\/wp-content\/uploads\/2022\/02\/soft01.jpg\" alt=\"\" class=\"wp-image-968 size-full\" srcset=\"https:\/\/tecnicoenfarmaciayparafarmacia.com\/Formacion_farmacias\/wp-content\/uploads\/2022\/02\/soft01.jpg 626w, https:\/\/tecnicoenfarmaciayparafarmacia.com\/Formacion_farmacias\/wp-content\/uploads\/2022\/02\/soft01-300x142.jpg 300w, https:\/\/tecnicoenfarmaciayparafarmacia.com\/Formacion_farmacias\/wp-content\/uploads\/2022\/02\/soft01-228x108.jpg 228w\" sizes=\"(max-width: 626px) 100vw, 626px\" \/><\/a><\/figure><div class=\"wp-block-media-text__content\">\n<p style=\"font-size:24px\"><a href=\"https:\/\/www.campusvirtualdeformacion.es\/Icofma\/\" target=\"_blank\" rel=\"noreferrer noopener nofollow\">Liderazgo de Equipos &#8211; Habilidades Comunicativas<\/a><\/p>\n\n\n\n<p>Duraci\u00f3n: 1 hora<\/p>\n\n\n\n<p>Haz clic en el t\u00edtulo o en la imagen para acceder<\/p>\n\n\n\n<p>Recuerda&#8230;<\/p>\n\n\n\n<p><strong>Usuario:<\/strong> demo<\/p>\n\n\n\n<p><strong>Contrase\u00f1a:<\/strong> Demo-2022<\/p>\n<\/div><\/div>\n\n\n\n<div style=\"height:128px\" aria-hidden=\"true\" class=\"wp-block-spacer\"><\/div>\n\n\n\n<p style=\"font-size:24px\"><strong>EJEMPLOS DE ALGUNAS DE NUESTRAS P\u00cdLDORAS FORMATIVAS<\/strong><\/p>\n\n\n\n<div style=\"height:39px\" aria-hidden=\"true\" class=\"wp-block-spacer\"><\/div>\n\n\n\n<figure class=\"wp-block-table is-style-stripes\"><table><tbody><tr><td><strong>MATERIA<\/strong><\/td><td><strong>COMPETENCIA<\/strong><\/td><td><strong>Duraci\u00f3n<\/strong><\/td><\/tr><tr><td>People Analytics (Data cleasing)<\/td><td>Saber preparar los datos para el an\u00e1lisis de manera que est\u00e9n ordenados y sin errores para que los resultados sean precisos<\/td><td>1 h<\/td><\/tr><tr><td>Contrato Laboral (Elementos)<\/td><td>Conocer los elementos que debe figurar en un contrato laboral para su correcta celebraci\u00f3n<\/td><td>1 h<\/td><\/tr><tr><td>Contrato Laboral (Configuraci\u00f3n)<\/td><td>Determinar qu\u00e9 elementos puede ser susceptibles de modificaci\u00f3n para no incurrir en la anulaci\u00f3n del contrato laboral<\/td><td>1 h<\/td><\/tr><tr><td>Contrato Laboral (Indefinido)<\/td><td>Conocer los elementos configuradores del contrato laboral indefinido para su correcta celebraci\u00f3n<\/td><td>1 h<\/td><\/tr><tr><td>Contrato Laboral (Temporal)<\/td><td>Conocer los elementos configuradores del contrato laboral temporal para su correcta celebraci\u00f3n<\/td><td>1 h<\/td><\/tr><tr><td>Contrato Laboral (Formaci\u00f3n y Aprendizaje)<\/td><td>Conocer los elementos configuradores del contrato laboral para la formaci\u00f3n y el aprendizaje para su correcta celebraci\u00f3n<\/td><td>1 h<\/td><\/tr><tr><td>Contrato Laboral (En pr\u00e1cticas)<\/td><td>Conocer los elementos configuradores del contrato laboral en pr\u00e1cticas para su correcta celebraci\u00f3n<\/td><td>1 h<\/td><\/tr><tr><td>Contrato Laboral (Relevo y Jubilaci\u00f3n anticipada)<\/td><td>Conocer los elementos configuradores del contrato de relevo y de jubilaci\u00f3n anticipada para su correcta celebraci\u00f3n<\/td><td>1 h<\/td><\/tr><tr><td>Contrato Laboral (Gesti\u00f3n Administrativa)<\/td><td>Conocer el proceso de gesti\u00f3n de comunicaci\u00f3n administrativa de los contratos laborales para dar cumplimiento a las formalidades establecidas<\/td><td>1 h<\/td><\/tr><tr><td>Contrato Laboral (Inspecci\u00f3n)<\/td><td>Conocer la actuaci\u00f3n en materia de control de la inspecci\u00f3n de trabajo en contrato laboral para no incurrir en infracciones y sanciones<\/td><td>1 h<\/td><\/tr><tr><td>Contrato Laboral (Incentivos)<\/td><td>Conocer los incentivos vigentes en materia de contrataci\u00f3n laboral para poder optimizar los costes laborales<\/td><td>1 h<\/td><\/tr><tr><td>N\u00f3minas y SS (Concepto salario)<\/td><td>Conceptualizar el salario para su correcta estructuraci\u00f3n en n\u00f3mina<\/td><td>1 h<\/td><\/tr><tr><td>N\u00f3minas y SS (Estructura salario)<\/td><td>Saber estructurar correctamente un recibo de salario para identificar las diversas partidas de devengos y deducciones a aplicar en un empleado<\/td><td>1 h<\/td><\/tr><tr><td>T\u00e9cnicas de Negociaci\u00f3n (Entorno laboral)<\/td><td>Conocer el concepto de negociaci\u00f3n, haciendo hincapi\u00e9 en la idea de la misma como proceso y mostrar las negociaciones m\u00e1s habituales del \u00e1mbito laboral con sus diferentes connotaciones y escenarios<\/td><td>1 h<\/td><\/tr><tr><td>T\u00e9cnicas de Negociaci\u00f3n (Habilidades clave)<\/td><td>Conocer las competencias y habilidades m\u00e1s destacadas de un perfil negociador, aproximarnos al prototipo de negociador eficaz a trav\u00e9s de los factores m\u00e1s influyentes en el perfil como la personalidad o valores<\/td><td>1 h<\/td><\/tr><tr><td>T\u00e9cnicas de Negociaci\u00f3n (Objetivos)<\/td><td>Saber establecer objetivos espec\u00edficos y cuantificables para planificar estrat\u00e9gicamente la negociaci\u00f3n<\/td><td>2 h<\/td><\/tr><tr><td>T\u00e9cnicas de Negociaci\u00f3n (Estrategia)<\/td><td>Conocer la planificaci\u00f3n de estrategias (siguiendo el m\u00e9todo Harvard) para permitirnos perfeccionar nuestro m\u00e9todo de negociaci\u00f3n y alcanzar los resultados esperados<\/td><td>2 h<\/td><\/tr><tr><td>Transformaci\u00f3n Digital (Conceptos Claves)<\/td><td>Saber identificar adecuadamente los conceptos principales de la transformaci\u00f3n digital para comprender como el mundo de los negocios est\u00e1n cambiando y cuales son las claves<\/td><td>2 h<\/td><\/tr><tr><td>T\u00e9cnicas de Negociaci\u00f3n (T\u00e1cticas)<\/td><td>Conocer qu\u00e9 es una t\u00e1ctica negociadora y saber cu\u00e1les son las m\u00e1s empleadas en funci\u00f3n del tipo de negociaci\u00f3n en el que nos encontremos<\/td><td>2 h<\/td><\/tr><tr><td>T\u00e9cnicas de Negociaci\u00f3n (Influencia del poder)<\/td><td>Conocer las variables que m\u00e1s influyen en el poder en negociaci\u00f3n y, c\u00f3mo afecta este al desarrollo y resultados del proceso negociador<\/td><td>1 h<\/td><\/tr><tr><td>T\u00e9cnicas de Negociaci\u00f3n (Cierre)<\/td><td>Saber adoptar una visi\u00f3n futura de creaci\u00f3n de valor sobre el acuerdo y cierre de la negociaci\u00f3n como herramienta para continuar en el tiempo obteniendo resultados positivos<\/td><td>1 h<\/td><\/tr><tr><td>Word 2016 Avanzado (Marcadores e hiperv\u00ednculos)<\/td><td>Conocer las posibilidades de incluir marcadores, hiperv\u00ednculos y referencias cruzadas para proporcionar navegabilidad en los documentos creados<\/td><td>2 h<\/td><\/tr><tr><td>Word 2016 Avanzado (Tablas de contenido)<\/td><td>Conocer las herramientas de creaci\u00f3n de tablas de contenido para elaborar \u00edndices din\u00e1micos de forma eficiente en documentos<\/td><td>1 h<\/td><\/tr><tr><td>Transformaci\u00f3n Digital (Tecnolog\u00edas de la T.D.)<\/td><td>Saber identificar las principales nuevas tecnolog\u00edas que est\u00e1n siendo el motor de la transformaci\u00f3n digital para seleccionar cuales nos puede aportar mayor valor a nuestros objetivos profesionales<\/td><td>3 h<\/td><\/tr><\/tbody><\/table><\/figure>\n","protected":false},"excerpt":{"rendered":"<p>volver atr\u00e1s P\u00edldoras AutoFormativas (PAF) La formaci\u00f3n en peque\u00f1as dosis Las&nbsp;PAF, Pildoras AutoFormativas, son peque\u00f1as unidades formativas independientes y modulables, dise\u00f1adas con un exclusivo m\u00e9todo pedag\u00f3gico y con una duraci\u00f3n determinada.&nbsp; Est\u00e1n pensadas para ser consumidas de forma aut\u00f3noma y pueden utilizarse como unidades formativas independientes, como complemento a un curso de mayor duraci\u00f3n o &hellip; <\/p>\n<p class=\"link-more\"><a href=\"https:\/\/tecnicoenfarmaciayparafarmacia.com\/Formacion_farmacias\/?page_id=828\" class=\"more-link\">Leer m\u00e1s<span class=\"screen-reader-text\"> \u00abP\u00edldoras AutoFormativas\u00bb<\/span><\/a><\/p>\n","protected":false},"author":1,"featured_media":0,"parent":0,"menu_order":0,"comment_status":"closed","ping_status":"closed","template":"","meta":[],"yoast_head":"<!-- This site is optimized with the Yoast SEO plugin v18.0 - https:\/\/yoast.com\/wordpress\/plugins\/seo\/ -->\n<title>P\u00edldoras AutoFormativas - Formaci\u00f3n Icofma<\/title>\n<meta name=\"robots\" content=\"index, follow, max-snippet:-1, max-image-preview:large, max-video-preview:-1\" \/>\n<link rel=\"canonical\" href=\"https:\/\/tecnicoenfarmaciayparafarmacia.com\/Formacion_farmacias\/?page_id=828\" \/>\n<meta property=\"og:locale\" content=\"es_ES\" \/>\n<meta property=\"og:type\" content=\"article\" \/>\n<meta property=\"og:title\" content=\"P\u00edldoras AutoFormativas - Formaci\u00f3n Icofma\" \/>\n<meta property=\"og:description\" content=\"volver atr\u00e1s P\u00edldoras AutoFormativas (PAF) La formaci\u00f3n en peque\u00f1as dosis Las&nbsp;PAF, Pildoras AutoFormativas, son peque\u00f1as unidades formativas independientes y modulables, dise\u00f1adas con un exclusivo m\u00e9todo pedag\u00f3gico y con una duraci\u00f3n determinada.&nbsp; Est\u00e1n pensadas para ser consumidas de forma aut\u00f3noma y pueden utilizarse como unidades formativas independientes, como complemento a un curso de mayor duraci\u00f3n o &hellip; Leer m\u00e1s \u00abP\u00edldoras AutoFormativas\u00bb\" \/>\n<meta property=\"og:url\" content=\"https:\/\/tecnicoenfarmaciayparafarmacia.com\/Formacion_farmacias\/?page_id=828\" \/>\n<meta property=\"og:site_name\" content=\"Formaci\u00f3n Icofma\" \/>\n<meta property=\"article:modified_time\" content=\"2022-02-10T12:10:25+00:00\" \/>\n<meta property=\"og:image\" content=\"https:\/\/tecnicoenfarmaciayparafarmacia.com\/Formacion_farmacias\/wp-content\/uploads\/2021\/11\/pildoras-650x436-1.jpg\" \/>\n<meta name=\"twitter:card\" content=\"summary_large_image\" \/>\n<meta name=\"twitter:label1\" content=\"Tiempo de lectura\" \/>\n\t<meta name=\"twitter:data1\" content=\"4 minutos\" \/>\n<script type=\"application\/ld+json\" class=\"yoast-schema-graph\">{\"@context\":\"https:\/\/schema.org\",\"@graph\":[{\"@type\":\"WebSite\",\"@id\":\"https:\/\/tecnicoenfarmaciayparafarmacia.com\/Formacion_farmacias\/#website\",\"url\":\"https:\/\/tecnicoenfarmaciayparafarmacia.com\/Formacion_farmacias\/\",\"name\":\"Formaci\u00f3n Icofma\",\"description\":\"Formaci\u00f3n por y para Farmacias\",\"potentialAction\":[{\"@type\":\"SearchAction\",\"target\":{\"@type\":\"EntryPoint\",\"urlTemplate\":\"https:\/\/tecnicoenfarmaciayparafarmacia.com\/Formacion_farmacias\/?s={search_term_string}\"},\"query-input\":\"required name=search_term_string\"}],\"inLanguage\":\"es\"},{\"@type\":\"ImageObject\",\"@id\":\"https:\/\/tecnicoenfarmaciayparafarmacia.com\/Formacion_farmacias\/?page_id=828#primaryimage\",\"inLanguage\":\"es\",\"url\":\"https:\/\/tecnicoenfarmaciayparafarmacia.com\/Formacion_farmacias\/wp-content\/uploads\/2021\/11\/pildoras-650x436-1.jpg\",\"contentUrl\":\"https:\/\/tecnicoenfarmaciayparafarmacia.com\/Formacion_farmacias\/wp-content\/uploads\/2021\/11\/pildoras-650x436-1.jpg\",\"width\":650,\"height\":436,\"caption\":\"Pills isolated on white background\"},{\"@type\":\"WebPage\",\"@id\":\"https:\/\/tecnicoenfarmaciayparafarmacia.com\/Formacion_farmacias\/?page_id=828#webpage\",\"url\":\"https:\/\/tecnicoenfarmaciayparafarmacia.com\/Formacion_farmacias\/?page_id=828\",\"name\":\"P\u00edldoras AutoFormativas - Formaci\u00f3n Icofma\",\"isPartOf\":{\"@id\":\"https:\/\/tecnicoenfarmaciayparafarmacia.com\/Formacion_farmacias\/#website\"},\"primaryImageOfPage\":{\"@id\":\"https:\/\/tecnicoenfarmaciayparafarmacia.com\/Formacion_farmacias\/?page_id=828#primaryimage\"},\"datePublished\":\"2021-11-13T15:47:11+00:00\",\"dateModified\":\"2022-02-10T12:10:25+00:00\",\"breadcrumb\":{\"@id\":\"https:\/\/tecnicoenfarmaciayparafarmacia.com\/Formacion_farmacias\/?page_id=828#breadcrumb\"},\"inLanguage\":\"es\",\"potentialAction\":[{\"@type\":\"ReadAction\",\"target\":[\"https:\/\/tecnicoenfarmaciayparafarmacia.com\/Formacion_farmacias\/?page_id=828\"]}]},{\"@type\":\"BreadcrumbList\",\"@id\":\"https:\/\/tecnicoenfarmaciayparafarmacia.com\/Formacion_farmacias\/?page_id=828#breadcrumb\",\"itemListElement\":[{\"@type\":\"ListItem\",\"position\":1,\"name\":\"Home\",\"item\":\"https:\/\/tecnicoenfarmaciayparafarmacia.com\/Formacion_farmacias\/\"},{\"@type\":\"ListItem\",\"position\":2,\"name\":\"P\u00edldoras AutoFormativas\"}]}]}<\/script>\n<!-- \/ Yoast SEO plugin. -->","yoast_head_json":{"title":"P\u00edldoras AutoFormativas - Formaci\u00f3n Icofma","robots":{"index":"index","follow":"follow","max-snippet":"max-snippet:-1","max-image-preview":"max-image-preview:large","max-video-preview":"max-video-preview:-1"},"canonical":"https:\/\/tecnicoenfarmaciayparafarmacia.com\/Formacion_farmacias\/?page_id=828","og_locale":"es_ES","og_type":"article","og_title":"P\u00edldoras AutoFormativas - Formaci\u00f3n Icofma","og_description":"volver atr\u00e1s P\u00edldoras AutoFormativas (PAF) La formaci\u00f3n en peque\u00f1as dosis Las&nbsp;PAF, Pildoras AutoFormativas, son peque\u00f1as unidades formativas independientes y modulables, dise\u00f1adas con un exclusivo m\u00e9todo pedag\u00f3gico y con una duraci\u00f3n determinada.&nbsp; Est\u00e1n pensadas para ser consumidas de forma aut\u00f3noma y pueden utilizarse como unidades formativas independientes, como complemento a un curso de mayor duraci\u00f3n o &hellip; Leer m\u00e1s \u00abP\u00edldoras AutoFormativas\u00bb","og_url":"https:\/\/tecnicoenfarmaciayparafarmacia.com\/Formacion_farmacias\/?page_id=828","og_site_name":"Formaci\u00f3n Icofma","article_modified_time":"2022-02-10T12:10:25+00:00","og_image":[{"url":"https:\/\/tecnicoenfarmaciayparafarmacia.com\/Formacion_farmacias\/wp-content\/uploads\/2021\/11\/pildoras-650x436-1.jpg"}],"twitter_card":"summary_large_image","twitter_misc":{"Tiempo de lectura":"4 minutos"},"schema":{"@context":"https:\/\/schema.org","@graph":[{"@type":"WebSite","@id":"https:\/\/tecnicoenfarmaciayparafarmacia.com\/Formacion_farmacias\/#website","url":"https:\/\/tecnicoenfarmaciayparafarmacia.com\/Formacion_farmacias\/","name":"Formaci\u00f3n Icofma","description":"Formaci\u00f3n por y para Farmacias","potentialAction":[{"@type":"SearchAction","target":{"@type":"EntryPoint","urlTemplate":"https:\/\/tecnicoenfarmaciayparafarmacia.com\/Formacion_farmacias\/?s={search_term_string}"},"query-input":"required name=search_term_string"}],"inLanguage":"es"},{"@type":"ImageObject","@id":"https:\/\/tecnicoenfarmaciayparafarmacia.com\/Formacion_farmacias\/?page_id=828#primaryimage","inLanguage":"es","url":"https:\/\/tecnicoenfarmaciayparafarmacia.com\/Formacion_farmacias\/wp-content\/uploads\/2021\/11\/pildoras-650x436-1.jpg","contentUrl":"https:\/\/tecnicoenfarmaciayparafarmacia.com\/Formacion_farmacias\/wp-content\/uploads\/2021\/11\/pildoras-650x436-1.jpg","width":650,"height":436,"caption":"Pills isolated on white background"},{"@type":"WebPage","@id":"https:\/\/tecnicoenfarmaciayparafarmacia.com\/Formacion_farmacias\/?page_id=828#webpage","url":"https:\/\/tecnicoenfarmaciayparafarmacia.com\/Formacion_farmacias\/?page_id=828","name":"P\u00edldoras AutoFormativas - Formaci\u00f3n Icofma","isPartOf":{"@id":"https:\/\/tecnicoenfarmaciayparafarmacia.com\/Formacion_farmacias\/#website"},"primaryImageOfPage":{"@id":"https:\/\/tecnicoenfarmaciayparafarmacia.com\/Formacion_farmacias\/?page_id=828#primaryimage"},"datePublished":"2021-11-13T15:47:11+00:00","dateModified":"2022-02-10T12:10:25+00:00","breadcrumb":{"@id":"https:\/\/tecnicoenfarmaciayparafarmacia.com\/Formacion_farmacias\/?page_id=828#breadcrumb"},"inLanguage":"es","potentialAction":[{"@type":"ReadAction","target":["https:\/\/tecnicoenfarmaciayparafarmacia.com\/Formacion_farmacias\/?page_id=828"]}]},{"@type":"BreadcrumbList","@id":"https:\/\/tecnicoenfarmaciayparafarmacia.com\/Formacion_farmacias\/?page_id=828#breadcrumb","itemListElement":[{"@type":"ListItem","position":1,"name":"Home","item":"https:\/\/tecnicoenfarmaciayparafarmacia.com\/Formacion_farmacias\/"},{"@type":"ListItem","position":2,"name":"P\u00edldoras AutoFormativas"}]}]}},"_links":{"self":[{"href":"https:\/\/tecnicoenfarmaciayparafarmacia.com\/Formacion_farmacias\/index.php?rest_route=\/wp\/v2\/pages\/828"}],"collection":[{"href":"https:\/\/tecnicoenfarmaciayparafarmacia.com\/Formacion_farmacias\/index.php?rest_route=\/wp\/v2\/pages"}],"about":[{"href":"https:\/\/tecnicoenfarmaciayparafarmacia.com\/Formacion_farmacias\/index.php?rest_route=\/wp\/v2\/types\/page"}],"author":[{"embeddable":true,"href":"https:\/\/tecnicoenfarmaciayparafarmacia.com\/Formacion_farmacias\/index.php?rest_route=\/wp\/v2\/users\/1"}],"replies":[{"embeddable":true,"href":"https:\/\/tecnicoenfarmaciayparafarmacia.com\/Formacion_farmacias\/index.php?rest_route=%2Fwp%2Fv2%2Fcomments&post=828"}],"version-history":[{"count":10,"href":"https:\/\/tecnicoenfarmaciayparafarmacia.com\/Formacion_farmacias\/index.php?rest_route=\/wp\/v2\/pages\/828\/revisions"}],"predecessor-version":[{"id":974,"href":"https:\/\/tecnicoenfarmaciayparafarmacia.com\/Formacion_farmacias\/index.php?rest_route=\/wp\/v2\/pages\/828\/revisions\/974"}],"wp:attachment":[{"href":"https:\/\/tecnicoenfarmaciayparafarmacia.com\/Formacion_farmacias\/index.php?rest_route=%2Fwp%2Fv2%2Fmedia&parent=828"}],"curies":[{"name":"wp","href":"https:\/\/api.w.org\/{rel}","templated":true}]}}