{"id":81,"date":"2021-10-08T20:21:04","date_gmt":"2021-10-08T20:21:04","guid":{"rendered":"https:\/\/tecnicoenfarmaciayparafarmacia.com\/Formacion_farmacias\/?page_id=81"},"modified":"2022-01-27T21:10:28","modified_gmt":"2022-01-27T21:10:28","slug":"areas-de-formacion","status":"publish","type":"page","link":"https:\/\/tecnicoenfarmaciayparafarmacia.com\/Formacion_farmacias\/","title":{"rendered":"\u00c1reas de formaci\u00f3n"},"content":{"rendered":"\n<div class=\"wp-block-columns\">\n<div class=\"wp-block-column\" style=\"flex-basis:33.33%\">\n<figure class=\"wp-block-image size-full is-style-default\"><img loading=\"lazy\" width=\"300\" height=\"200\" src=\"https:\/\/tecnicoenfarmaciayparafarmacia.com\/Formacion_farmacias\/wp-content\/uploads\/2021\/10\/FARMA7.jpg\" alt=\"\" class=\"wp-image-260\" srcset=\"https:\/\/tecnicoenfarmaciayparafarmacia.com\/Formacion_farmacias\/wp-content\/uploads\/2021\/10\/FARMA7.jpg 300w, https:\/\/tecnicoenfarmaciayparafarmacia.com\/Formacion_farmacias\/wp-content\/uploads\/2021\/10\/FARMA7-174x116.jpg 174w\" sizes=\"(max-width: 300px) 100vw, 300px\" \/><figcaption><a href=\"https:\/\/tecnicoenfarmaciayparafarmacia.com\/Formacion_farmacias\/?page_id=77\"><span class=\"has-inline-color has-black-color\">FARMACIA Y PARAFARMACIA<\/span><\/a><\/figcaption><\/figure>\n\n\n\n<figure class=\"wp-block-image size-full is-style-default\"><img loading=\"lazy\" width=\"300\" height=\"200\" src=\"https:\/\/tecnicoenfarmaciayparafarmacia.com\/Formacion_farmacias\/wp-content\/uploads\/2021\/10\/Gest01.jpg\" alt=\"\" class=\"wp-image-364\" srcset=\"https:\/\/tecnicoenfarmaciayparafarmacia.com\/Formacion_farmacias\/wp-content\/uploads\/2021\/10\/Gest01.jpg 300w, https:\/\/tecnicoenfarmaciayparafarmacia.com\/Formacion_farmacias\/wp-content\/uploads\/2021\/10\/Gest01-174x116.jpg 174w\" sizes=\"(max-width: 300px) 100vw, 300px\" \/><figcaption><a href=\"https:\/\/tecnicoenfarmaciayparafarmacia.com\/Formacion_farmacias\/?page_id=366\"><span class=\"has-inline-color has-black-color\">CURSOS DE GESTI\u00d3N COMERCIAL<\/span><\/a><\/figcaption><\/figure>\n\n\n\n<figure class=\"wp-block-image size-full is-style-default\"><img loading=\"lazy\" width=\"300\" height=\"200\" src=\"https:\/\/tecnicoenfarmaciayparafarmacia.com\/Formacion_farmacias\/wp-content\/uploads\/2021\/10\/RRHH02.jpg\" alt=\"\" class=\"wp-image-428\" srcset=\"https:\/\/tecnicoenfarmaciayparafarmacia.com\/Formacion_farmacias\/wp-content\/uploads\/2021\/10\/RRHH02.jpg 300w, https:\/\/tecnicoenfarmaciayparafarmacia.com\/Formacion_farmacias\/wp-content\/uploads\/2021\/10\/RRHH02-174x116.jpg 174w\" sizes=\"(max-width: 300px) 100vw, 300px\" \/><figcaption><a href=\"https:\/\/tecnicoenfarmaciayparafarmacia.com\/Formacion_farmacias\/?page_id=941\"><span class=\"has-inline-color has-black-color\">GESTI\u00d3N DE RRHH 2.0<\/span><\/a><\/figcaption><\/figure>\n\n\n\n<p><\/p>\n<\/div>\n\n\n\n<div class=\"wp-block-column\" style=\"flex-basis:33.33%\">\n<figure class=\"wp-block-image size-full\"><img loading=\"lazy\" width=\"300\" height=\"200\" src=\"https:\/\/tecnicoenfarmaciayparafarmacia.com\/Formacion_farmacias\/wp-content\/uploads\/2021\/10\/MKD01.jpg\" alt=\"\" class=\"wp-image-277\" srcset=\"https:\/\/tecnicoenfarmaciayparafarmacia.com\/Formacion_farmacias\/wp-content\/uploads\/2021\/10\/MKD01.jpg 300w, https:\/\/tecnicoenfarmaciayparafarmacia.com\/Formacion_farmacias\/wp-content\/uploads\/2021\/10\/MKD01-174x116.jpg 174w\" sizes=\"(max-width: 300px) 100vw, 300px\" \/><figcaption><a href=\"https:\/\/tecnicoenfarmaciayparafarmacia.com\/Formacion_farmacias\/?page_id=279(abre en una nueva pesta\u00f1a)\"><span class=\"has-inline-color has-black-color\">MARKETING DIGITAL y RRSS<\/span><\/a><\/figcaption><\/figure>\n\n\n\n<figure class=\"wp-block-image size-full is-style-default\"><img loading=\"lazy\" width=\"300\" height=\"200\" src=\"https:\/\/tecnicoenfarmaciayparafarmacia.com\/Formacion_farmacias\/wp-content\/uploads\/2021\/10\/FINAN01.fw_.png\" alt=\"\" class=\"wp-image-383\" srcset=\"https:\/\/tecnicoenfarmaciayparafarmacia.com\/Formacion_farmacias\/wp-content\/uploads\/2021\/10\/FINAN01.fw_.png 300w, https:\/\/tecnicoenfarmaciayparafarmacia.com\/Formacion_farmacias\/wp-content\/uploads\/2021\/10\/FINAN01.fw_-174x116.png 174w\" sizes=\"(max-width: 300px) 100vw, 300px\" \/><figcaption><a href=\"https:\/\/tecnicoenfarmaciayparafarmacia.com\/Formacion_farmacias\/?page_id=380\"><span class=\"has-inline-color has-black-color\">CURSOS DE FINANZAS<\/span><\/a><\/figcaption><\/figure>\n\n\n\n<figure class=\"wp-block-image size-full is-style-default\"><img loading=\"lazy\" width=\"300\" height=\"200\" src=\"https:\/\/tecnicoenfarmaciayparafarmacia.com\/Formacion_farmacias\/wp-content\/uploads\/2021\/10\/RRHH03.jpg\" alt=\"\" class=\"wp-image-429\" srcset=\"https:\/\/tecnicoenfarmaciayparafarmacia.com\/Formacion_farmacias\/wp-content\/uploads\/2021\/10\/RRHH03.jpg 300w, https:\/\/tecnicoenfarmaciayparafarmacia.com\/Formacion_farmacias\/wp-content\/uploads\/2021\/10\/RRHH03-174x116.jpg 174w\" sizes=\"(max-width: 300px) 100vw, 300px\" \/><figcaption><a href=\"https:\/\/tecnicoenfarmaciayparafarmacia.com\/Formacion_farmacias\/?page_id=944\"><span class=\"has-inline-color has-black-color\">SOFT SKILLS<\/span><\/a><\/figcaption><\/figure>\n<\/div>\n\n\n\n<div class=\"wp-block-column\" style=\"flex-basis:33.33%\">\n<figure class=\"wp-block-image size-full\"><img loading=\"lazy\" width=\"350\" height=\"233\" src=\"https:\/\/tecnicoenfarmaciayparafarmacia.com\/Formacion_farmacias\/wp-content\/uploads\/2021\/10\/ventas81.jpg\" alt=\"\" class=\"wp-image-37\" srcset=\"https:\/\/tecnicoenfarmaciayparafarmacia.com\/Formacion_farmacias\/wp-content\/uploads\/2021\/10\/ventas81.jpg 350w, https:\/\/tecnicoenfarmaciayparafarmacia.com\/Formacion_farmacias\/wp-content\/uploads\/2021\/10\/ventas81-300x200.jpg 300w\" sizes=\"(max-width: 350px) 100vw, 350px\" \/><figcaption><a href=\"https:\/\/tecnicoenfarmaciayparafarmacia.com\/Formacion_farmacias\/?page_id=344(abre en una nueva pesta\u00f1a)\"><span class=\"has-inline-color has-black-color\">VENTAS<\/span><\/a><\/figcaption><\/figure>\n\n\n\n<figure class=\"wp-block-image size-full is-style-default\"><img loading=\"lazy\" width=\"300\" height=\"199\" src=\"https:\/\/tecnicoenfarmaciayparafarmacia.com\/Formacion_farmacias\/wp-content\/uploads\/2021\/10\/OFIM01.jpg\" alt=\"\" class=\"wp-image-426\" srcset=\"https:\/\/tecnicoenfarmaciayparafarmacia.com\/Formacion_farmacias\/wp-content\/uploads\/2021\/10\/OFIM01.jpg 300w, https:\/\/tecnicoenfarmaciayparafarmacia.com\/Formacion_farmacias\/wp-content\/uploads\/2021\/10\/OFIM01-175x116.jpg 175w\" sizes=\"(max-width: 300px) 100vw, 300px\" \/><figcaption><a href=\"https:\/\/tecnicoenfarmaciayparafarmacia.com\/Formacion_farmacias\/?page_id=938\"><span class=\"has-inline-color has-black-color\">CURSOS DE OFIM\u00c1TICA PR\u00c1CTICA<\/span><\/a><\/figcaption><\/figure>\n\n\n\n<figure class=\"wp-block-image size-full is-style-default\"><img loading=\"lazy\" width=\"300\" height=\"200\" src=\"https:\/\/tecnicoenfarmaciayparafarmacia.com\/Formacion_farmacias\/wp-content\/uploads\/2021\/10\/TRANSF01-copia.jpg\" alt=\"\" class=\"wp-image-433\" srcset=\"https:\/\/tecnicoenfarmaciayparafarmacia.com\/Formacion_farmacias\/wp-content\/uploads\/2021\/10\/TRANSF01-copia.jpg 300w, https:\/\/tecnicoenfarmaciayparafarmacia.com\/Formacion_farmacias\/wp-content\/uploads\/2021\/10\/TRANSF01-copia-174x116.jpg 174w\" sizes=\"(max-width: 300px) 100vw, 300px\" \/><figcaption><a href=\"https:\/\/tecnicoenfarmaciayparafarmacia.com\/Formacion_farmacias\/?page_id=947\"><span class=\"has-inline-color has-black-color\">TRANSFORMACI\u00d3N DIGITAL<\/span><\/a><\/figcaption><\/figure>\n<\/div>\n<\/div>\n\n\n\n<p><\/p>\n","protected":false},"excerpt":{"rendered":"","protected":false},"author":1,"featured_media":0,"parent":0,"menu_order":1,"comment_status":"closed","ping_status":"closed","template":"","meta":[],"yoast_head":"<!-- This site is optimized with the Yoast SEO plugin v18.0 - https:\/\/yoast.com\/wordpress\/plugins\/seo\/ -->\n<title>\u00c1reas de formaci\u00f3n - Formaci\u00f3n Icofma<\/title>\n<meta name=\"robots\" content=\"index, follow, max-snippet:-1, max-image-preview:large, max-video-preview:-1\" \/>\n<link rel=\"canonical\" href=\"https:\/\/tecnicoenfarmaciayparafarmacia.com\/Formacion_farmacias\/\" \/>\n<meta property=\"og:locale\" content=\"es_ES\" \/>\n<meta property=\"og:type\" content=\"article\" \/>\n<meta property=\"og:title\" content=\"\u00c1reas de formaci\u00f3n - Formaci\u00f3n Icofma\" \/>\n<meta property=\"og:url\" content=\"https:\/\/tecnicoenfarmaciayparafarmacia.com\/Formacion_farmacias\/\" \/>\n<meta property=\"og:site_name\" content=\"Formaci\u00f3n Icofma\" \/>\n<meta property=\"article:modified_time\" content=\"2022-01-27T21:10:28+00:00\" \/>\n<meta property=\"og:image\" content=\"https:\/\/tecnicoenfarmaciayparafarmacia.com\/Formacion_farmacias\/wp-content\/uploads\/2021\/10\/FARMA7.jpg\" \/>\n<meta name=\"twitter:card\" content=\"summary_large_image\" \/>\n<meta name=\"twitter:label1\" content=\"Tiempo de lectura\" \/>\n\t<meta name=\"twitter:data1\" content=\"2 minutos\" \/>\n<script type=\"application\/ld+json\" class=\"yoast-schema-graph\">{\"@context\":\"https:\/\/schema.org\",\"@graph\":[{\"@type\":\"WebSite\",\"@id\":\"https:\/\/tecnicoenfarmaciayparafarmacia.com\/Formacion_farmacias\/#website\",\"url\":\"https:\/\/tecnicoenfarmaciayparafarmacia.com\/Formacion_farmacias\/\",\"name\":\"Formaci\u00f3n Icofma\",\"description\":\"Formaci\u00f3n por y para Farmacias\",\"potentialAction\":[{\"@type\":\"SearchAction\",\"target\":{\"@type\":\"EntryPoint\",\"urlTemplate\":\"https:\/\/tecnicoenfarmaciayparafarmacia.com\/Formacion_farmacias\/?s={search_term_string}\"},\"query-input\":\"required name=search_term_string\"}],\"inLanguage\":\"es\"},{\"@type\":\"ImageObject\",\"@id\":\"https:\/\/tecnicoenfarmaciayparafarmacia.com\/Formacion_farmacias\/#primaryimage\",\"inLanguage\":\"es\",\"url\":\"https:\/\/tecnicoenfarmaciayparafarmacia.com\/Formacion_farmacias\/wp-content\/uploads\/2021\/10\/FARMA7.jpg\",\"contentUrl\":\"https:\/\/tecnicoenfarmaciayparafarmacia.com\/Formacion_farmacias\/wp-content\/uploads\/2021\/10\/FARMA7.jpg\",\"width\":300,\"height\":200},{\"@type\":\"WebPage\",\"@id\":\"https:\/\/tecnicoenfarmaciayparafarmacia.com\/Formacion_farmacias\/#webpage\",\"url\":\"https:\/\/tecnicoenfarmaciayparafarmacia.com\/Formacion_farmacias\/\",\"name\":\"\u00c1reas de formaci\u00f3n - Formaci\u00f3n Icofma\",\"isPartOf\":{\"@id\":\"https:\/\/tecnicoenfarmaciayparafarmacia.com\/Formacion_farmacias\/#website\"},\"primaryImageOfPage\":{\"@id\":\"https:\/\/tecnicoenfarmaciayparafarmacia.com\/Formacion_farmacias\/#primaryimage\"},\"datePublished\":\"2021-10-08T20:21:04+00:00\",\"dateModified\":\"2022-01-27T21:10:28+00:00\",\"breadcrumb\":{\"@id\":\"https:\/\/tecnicoenfarmaciayparafarmacia.com\/Formacion_farmacias\/#breadcrumb\"},\"inLanguage\":\"es\",\"potentialAction\":[{\"@type\":\"ReadAction\",\"target\":[\"https:\/\/tecnicoenfarmaciayparafarmacia.com\/Formacion_farmacias\/\"]}]},{\"@type\":\"BreadcrumbList\",\"@id\":\"https:\/\/tecnicoenfarmaciayparafarmacia.com\/Formacion_farmacias\/#breadcrumb\",\"itemListElement\":[{\"@type\":\"ListItem\",\"position\":1,\"name\":\"Home\",\"item\":\"https:\/\/tecnicoenfarmaciayparafarmacia.com\/Formacion_farmacias\/\"},{\"@type\":\"ListItem\",\"position\":2,\"name\":\"\u00c1reas de formaci\u00f3n\"}]}]}<\/script>\n<!-- \/ Yoast SEO plugin. -->","yoast_head_json":{"title":"\u00c1reas de formaci\u00f3n - Formaci\u00f3n Icofma","robots":{"index":"index","follow":"follow","max-snippet":"max-snippet:-1","max-image-preview":"max-image-preview:large","max-video-preview":"max-video-preview:-1"},"canonical":"https:\/\/tecnicoenfarmaciayparafarmacia.com\/Formacion_farmacias\/","og_locale":"es_ES","og_type":"article","og_title":"\u00c1reas de formaci\u00f3n - Formaci\u00f3n Icofma","og_url":"https:\/\/tecnicoenfarmaciayparafarmacia.com\/Formacion_farmacias\/","og_site_name":"Formaci\u00f3n Icofma","article_modified_time":"2022-01-27T21:10:28+00:00","og_image":[{"url":"https:\/\/tecnicoenfarmaciayparafarmacia.com\/Formacion_farmacias\/wp-content\/uploads\/2021\/10\/FARMA7.jpg"}],"twitter_card":"summary_large_image","twitter_misc":{"Tiempo de lectura":"2 minutos"},"schema":{"@context":"https:\/\/schema.org","@graph":[{"@type":"WebSite","@id":"https:\/\/tecnicoenfarmaciayparafarmacia.com\/Formacion_farmacias\/#website","url":"https:\/\/tecnicoenfarmaciayparafarmacia.com\/Formacion_farmacias\/","name":"Formaci\u00f3n Icofma","description":"Formaci\u00f3n por y para Farmacias","potentialAction":[{"@type":"SearchAction","target":{"@type":"EntryPoint","urlTemplate":"https:\/\/tecnicoenfarmaciayparafarmacia.com\/Formacion_farmacias\/?s={search_term_string}"},"query-input":"required name=search_term_string"}],"inLanguage":"es"},{"@type":"ImageObject","@id":"https:\/\/tecnicoenfarmaciayparafarmacia.com\/Formacion_farmacias\/#primaryimage","inLanguage":"es","url":"https:\/\/tecnicoenfarmaciayparafarmacia.com\/Formacion_farmacias\/wp-content\/uploads\/2021\/10\/FARMA7.jpg","contentUrl":"https:\/\/tecnicoenfarmaciayparafarmacia.com\/Formacion_farmacias\/wp-content\/uploads\/2021\/10\/FARMA7.jpg","width":300,"height":200},{"@type":"WebPage","@id":"https:\/\/tecnicoenfarmaciayparafarmacia.com\/Formacion_farmacias\/#webpage","url":"https:\/\/tecnicoenfarmaciayparafarmacia.com\/Formacion_farmacias\/","name":"\u00c1reas de formaci\u00f3n - Formaci\u00f3n Icofma","isPartOf":{"@id":"https:\/\/tecnicoenfarmaciayparafarmacia.com\/Formacion_farmacias\/#website"},"primaryImageOfPage":{"@id":"https:\/\/tecnicoenfarmaciayparafarmacia.com\/Formacion_farmacias\/#primaryimage"},"datePublished":"2021-10-08T20:21:04+00:00","dateModified":"2022-01-27T21:10:28+00:00","breadcrumb":{"@id":"https:\/\/tecnicoenfarmaciayparafarmacia.com\/Formacion_farmacias\/#breadcrumb"},"inLanguage":"es","potentialAction":[{"@type":"ReadAction","target":["https:\/\/tecnicoenfarmaciayparafarmacia.com\/Formacion_farmacias\/"]}]},{"@type":"BreadcrumbList","@id":"https:\/\/tecnicoenfarmaciayparafarmacia.com\/Formacion_farmacias\/#breadcrumb","itemListElement":[{"@type":"ListItem","position":1,"name":"Home","item":"https:\/\/tecnicoenfarmaciayparafarmacia.com\/Formacion_farmacias\/"},{"@type":"ListItem","position":2,"name":"\u00c1reas de formaci\u00f3n"}]}]}},"_links":{"self":[{"href":"https:\/\/tecnicoenfarmaciayparafarmacia.com\/Formacion_farmacias\/index.php?rest_route=\/wp\/v2\/pages\/81"}],"collection":[{"href":"https:\/\/tecnicoenfarmaciayparafarmacia.com\/Formacion_farmacias\/index.php?rest_route=\/wp\/v2\/pages"}],"about":[{"href":"https:\/\/tecnicoenfarmaciayparafarmacia.com\/Formacion_farmacias\/index.php?rest_route=\/wp\/v2\/types\/page"}],"author":[{"embeddable":true,"href":"https:\/\/tecnicoenfarmaciayparafarmacia.com\/Formacion_farmacias\/index.php?rest_route=\/wp\/v2\/users\/1"}],"replies":[{"embeddable":true,"href":"https:\/\/tecnicoenfarmaciayparafarmacia.com\/Formacion_farmacias\/index.php?rest_route=%2Fwp%2Fv2%2Fcomments&post=81"}],"version-history":[{"count":37,"href":"https:\/\/tecnicoenfarmaciayparafarmacia.com\/Formacion_farmacias\/index.php?rest_route=\/wp\/v2\/pages\/81\/revisions"}],"predecessor-version":[{"id":949,"href":"https:\/\/tecnicoenfarmaciayparafarmacia.com\/Formacion_farmacias\/index.php?rest_route=\/wp\/v2\/pages\/81\/revisions\/949"}],"wp:attachment":[{"href":"https:\/\/tecnicoenfarmaciayparafarmacia.com\/Formacion_farmacias\/index.php?rest_route=%2Fwp%2Fv2%2Fmedia&parent=81"}],"curies":[{"name":"wp","href":"https:\/\/api.w.org\/{rel}","templated":true}]}}