{"id":366,"date":"2021-10-12T11:21:01","date_gmt":"2021-10-12T11:21:01","guid":{"rendered":"https:\/\/tecnicoenfarmaciayparafarmacia.com\/Formacion_farmacias\/?page_id=366"},"modified":"2022-05-12T11:33:06","modified_gmt":"2022-05-12T11:33:06","slug":"cursos-gest-comercial","status":"publish","type":"page","link":"https:\/\/tecnicoenfarmaciayparafarmacia.com\/Formacion_farmacias\/?page_id=366","title":{"rendered":"Cursos de Gesti\u00f3n Comercial"},"content":{"rendered":"\n<div class=\"wp-block-media-text alignwide has-media-on-the-right is-stacked-on-mobile is-vertically-aligned-top\" style=\"grid-template-columns:auto 40%\"><figure class=\"wp-block-media-text__media\"><img loading=\"lazy\" width=\"300\" height=\"200\" src=\"https:\/\/tecnicoenfarmaciayparafarmacia.com\/Formacion_farmacias\/wp-content\/uploads\/2021\/10\/FARMA13.jpg\" alt=\"\" class=\"wp-image-457 size-full\" srcset=\"https:\/\/tecnicoenfarmaciayparafarmacia.com\/Formacion_farmacias\/wp-content\/uploads\/2021\/10\/FARMA13.jpg 300w, https:\/\/tecnicoenfarmaciayparafarmacia.com\/Formacion_farmacias\/wp-content\/uploads\/2021\/10\/FARMA13-174x116.jpg 174w\" sizes=\"(max-width: 300px) 100vw, 300px\" \/><\/figure><div class=\"wp-block-media-text__content\">\n<p class=\"has-text-align-right\" style=\"font-size:24px\"><strong><span class=\"has-inline-color has-black-color\">Fidelizaci\u00f3n de Clientes<\/span><\/strong><\/p>\n\n\n\n<p class=\"has-text-align-right\"><span class=\"has-inline-color has-black-color\"><strong>Duraci\u00f3n: <\/strong>20 horas<\/span><\/p>\n\n\n\n<p class=\"has-text-align-right\"><span class=\"has-inline-color has-black-color\">No colegiados: <strong>150\u20ac<\/strong><\/span><\/p>\n\n\n\n<p class=\"has-text-align-right has-medium-font-size\"><span class=\"has-inline-color has-black-color\">Colegiados y personal de farmacia: <\/span><strong><span class=\"has-inline-color has-vivid-green-cyan-color\">120\u20ac<\/span><\/strong> <span class=\"has-inline-color has-black-color\">(bonificado)<\/span><\/p>\n\n\n\n<p class=\"has-text-align-right\"><a href=\"https:\/\/tecnicoenfarmaciayparafarmacia.com\/Formacion_farmacias\/?page_id=951\">M\u00e1s informaci\u00f3n<\/a><\/p>\n<\/div><\/div>\n\n\n\n<hr style=\"height:1px;border:none;color:#333;background-color:#333;\">\n\n\n\n<div class=\"wp-block-media-text alignwide is-stacked-on-mobile is-vertically-aligned-top has-cyan-bluish-gray-color has-text-color\" style=\"grid-template-columns:40% auto\"><figure class=\"wp-block-media-text__media\"><img loading=\"lazy\" width=\"300\" height=\"200\" src=\"https:\/\/tecnicoenfarmaciayparafarmacia.com\/Formacion_farmacias\/wp-content\/uploads\/2021\/10\/Gest03.jpg\" alt=\"\" class=\"wp-image-368 size-full\" srcset=\"https:\/\/tecnicoenfarmaciayparafarmacia.com\/Formacion_farmacias\/wp-content\/uploads\/2021\/10\/Gest03.jpg 300w, https:\/\/tecnicoenfarmaciayparafarmacia.com\/Formacion_farmacias\/wp-content\/uploads\/2021\/10\/Gest03-174x116.jpg 174w\" sizes=\"(max-width: 300px) 100vw, 300px\" \/><\/figure><div class=\"wp-block-media-text__content\">\n<p class=\"has-text-align-left has-black-color has-text-color\" style=\"font-size:24px\"><strong>Venta Online (Ecommerce)<\/strong><\/p>\n\n\n\n<p class=\"has-text-align-left has-black-color has-text-color\"><span class=\"has-inline-color has-black-color\"><strong>Duraci\u00f3n: <\/strong>35 horas<\/span><\/p>\n\n\n\n<p><span class=\"has-inline-color has-black-color\">No colegiados: <strong>265\u20ac<\/strong><\/span><\/p>\n\n\n\n<p class=\"has-medium-font-size\"><span class=\"has-inline-color has-black-color\">Colegiados y personal de farmacia: <\/span><strong><span class=\"has-inline-color has-vivid-green-cyan-color\">195\u20ac<\/span><\/strong> <span class=\"has-inline-color has-black-color\">(bonificado)<\/span><\/p>\n\n\n\n<p class=\"has-text-align-left\"><a href=\"https:\/\/tecnicoenfarmaciayparafarmacia.com\/Formacion_farmacias\/?page_id=951\">M\u00e1s informaci\u00f3n<\/a><\/p>\n<\/div><\/div>\n\n\n\n<hr style=\"height:1px;border:none;color:#333;background-color:#333;\">\n\n\n\n<div class=\"wp-block-media-text alignwide has-media-on-the-right is-stacked-on-mobile is-vertically-aligned-top\" style=\"grid-template-columns:auto 40%\"><figure class=\"wp-block-media-text__media\"><img loading=\"lazy\" width=\"300\" height=\"200\" src=\"https:\/\/tecnicoenfarmaciayparafarmacia.com\/Formacion_farmacias\/wp-content\/uploads\/2021\/10\/Gest04.jpg\" alt=\"\" class=\"wp-image-369 size-full\" srcset=\"https:\/\/tecnicoenfarmaciayparafarmacia.com\/Formacion_farmacias\/wp-content\/uploads\/2021\/10\/Gest04.jpg 300w, https:\/\/tecnicoenfarmaciayparafarmacia.com\/Formacion_farmacias\/wp-content\/uploads\/2021\/10\/Gest04-174x116.jpg 174w\" sizes=\"(max-width: 300px) 100vw, 300px\" \/><\/figure><div class=\"wp-block-media-text__content\">\n<p class=\"has-text-align-right\" style=\"font-size:24px\"><strong><span class=\"has-inline-color has-black-color\">Fundamentos de Fidelizaci\u00f3n de Clientes<\/span><\/strong><\/p>\n\n\n\n<p class=\"has-text-align-right\"><span class=\"has-inline-color has-black-color\"><strong>Duraci\u00f3n: <\/strong>10 horas<\/span><\/p>\n\n\n\n<p class=\"has-text-align-right\"><span class=\"has-inline-color has-black-color\">No colegiados: <strong>75\u20ac<\/strong><\/span><\/p>\n\n\n\n<p class=\"has-text-align-right has-medium-font-size\"><span class=\"has-inline-color has-black-color\">Colegiados y personal de farmacia: <\/span><strong><span class=\"has-inline-color has-vivid-green-cyan-color\">60\u20ac<\/span><\/strong> <span class=\"has-inline-color has-black-color\">(bonificado)<\/span><\/p>\n\n\n\n<p class=\"has-text-align-right\"><a href=\"https:\/\/tecnicoenfarmaciayparafarmacia.com\/Formacion_farmacias\/?page_id=951\">M\u00e1s informaci\u00f3n<\/a><\/p>\n<\/div><\/div>\n\n\n\n<hr style=\"height:1px;border:none;color:#333;background-color:#333;\">\n\n\n\n<div class=\"wp-block-media-text alignwide is-stacked-on-mobile is-vertically-aligned-top has-cyan-bluish-gray-color has-text-color\" style=\"grid-template-columns:40% auto\"><figure class=\"wp-block-media-text__media\"><img loading=\"lazy\" width=\"300\" height=\"200\" src=\"https:\/\/tecnicoenfarmaciayparafarmacia.com\/Formacion_farmacias\/wp-content\/uploads\/2021\/10\/Gest05.jpg\" alt=\"\" class=\"wp-image-370 size-full\" srcset=\"https:\/\/tecnicoenfarmaciayparafarmacia.com\/Formacion_farmacias\/wp-content\/uploads\/2021\/10\/Gest05.jpg 300w, https:\/\/tecnicoenfarmaciayparafarmacia.com\/Formacion_farmacias\/wp-content\/uploads\/2021\/10\/Gest05-174x116.jpg 174w\" sizes=\"(max-width: 300px) 100vw, 300px\" \/><\/figure><div class=\"wp-block-media-text__content\">\n<p class=\"has-text-align-left has-black-color has-text-color\" style=\"font-size:24px\"><strong>Estrategias y Programas de Fidelizaci\u00f3n de Clientes<\/strong><\/p>\n\n\n\n<p class=\"has-text-align-left\"><span class=\"has-inline-color has-black-color\"><strong>Duraci\u00f3n: <\/strong>12 horas<\/span><\/p>\n\n\n\n<p><span class=\"has-inline-color has-black-color\">No colegiados: <strong>90\u20ac<\/strong><\/span><\/p>\n\n\n\n<p class=\"has-medium-font-size\"><span class=\"has-inline-color has-black-color\">Colegiados y personal de farmacia: <\/span><strong><span class=\"has-inline-color has-vivid-green-cyan-color\">70\u20ac<\/span><\/strong> <span class=\"has-inline-color has-black-color\">(bonificado)<\/span><\/p>\n\n\n\n<p class=\"has-text-align-left\"><a href=\"https:\/\/tecnicoenfarmaciayparafarmacia.com\/Formacion_farmacias\/?page_id=951\">M\u00e1s informaci\u00f3n<\/a><\/p>\n<\/div><\/div>\n\n\n\n<hr style=\"height:1px;border:none;color:#333;background-color:#333;\">\n\n\n\n<div class=\"wp-block-media-text alignwide has-media-on-the-right is-stacked-on-mobile is-vertically-aligned-top\" style=\"grid-template-columns:auto 40%\"><figure class=\"wp-block-media-text__media\"><img loading=\"lazy\" width=\"300\" height=\"200\" src=\"https:\/\/tecnicoenfarmaciayparafarmacia.com\/Formacion_farmacias\/wp-content\/uploads\/2021\/10\/Gest06.jpg\" alt=\"\" class=\"wp-image-371 size-full\" srcset=\"https:\/\/tecnicoenfarmaciayparafarmacia.com\/Formacion_farmacias\/wp-content\/uploads\/2021\/10\/Gest06.jpg 300w, https:\/\/tecnicoenfarmaciayparafarmacia.com\/Formacion_farmacias\/wp-content\/uploads\/2021\/10\/Gest06-174x116.jpg 174w\" sizes=\"(max-width: 300px) 100vw, 300px\" \/><\/figure><div class=\"wp-block-media-text__content\">\n<p class=\"has-text-align-right\" style=\"font-size:24px\"><strong>El Ecommerce como Producto Digital<\/strong><\/p>\n\n\n\n<p class=\"has-text-align-right\"><strong>Duraci\u00f3n: <\/strong>20 horas<\/p>\n\n\n\n<p class=\"has-text-align-right\"><span class=\"has-inline-color has-black-color\"><span class=\"has-inline-color has-black-color\">No colegiados: <strong>150\u20ac<\/strong><\/span><\/span><\/p>\n\n\n\n<p class=\"has-text-align-right has-medium-font-size\"><span class=\"has-inline-color has-black-color\">Colegiados y personal de farmacia: <\/span><strong><span class=\"has-inline-color has-vivid-green-cyan-color\">120\u20ac<\/span><\/strong> <span class=\"has-inline-color has-black-color\">(bonificado<\/span>)<\/p>\n\n\n\n<p class=\"has-text-align-right\"><a href=\"https:\/\/tecnicoenfarmaciayparafarmacia.com\/Formacion_farmacias\/?page_id=951\">M\u00e1s informaci\u00f3n<\/a><\/p>\n<\/div><\/div>\n\n\n\n<hr style=\"height:1px;border:none;color:#333;background-color:#333;\">\n\n\n\n<div class=\"wp-block-media-text alignwide is-stacked-on-mobile is-vertically-aligned-top has-cyan-bluish-gray-color has-text-color\" style=\"grid-template-columns:40% auto\"><figure class=\"wp-block-media-text__media\"><img loading=\"lazy\" width=\"300\" height=\"199\" src=\"https:\/\/tecnicoenfarmaciayparafarmacia.com\/Formacion_farmacias\/wp-content\/uploads\/2021\/10\/Gest07.jpg\" alt=\"\" class=\"wp-image-372 size-full\" srcset=\"https:\/\/tecnicoenfarmaciayparafarmacia.com\/Formacion_farmacias\/wp-content\/uploads\/2021\/10\/Gest07.jpg 300w, https:\/\/tecnicoenfarmaciayparafarmacia.com\/Formacion_farmacias\/wp-content\/uploads\/2021\/10\/Gest07-175x116.jpg 175w\" sizes=\"(max-width: 300px) 100vw, 300px\" \/><\/figure><div class=\"wp-block-media-text__content\">\n<p class=\"has-text-align-left has-black-color has-text-color\" style=\"font-size:24px\"><strong>Aspectos No Digitales de un Ecommerce<\/strong><\/p>\n\n\n\n<p class=\"has-text-align-left\"><span class=\"has-inline-color has-black-color\"><strong>Duraci\u00f3n: <\/strong>10 horas<\/span><\/p>\n\n\n\n<p><span class=\"has-inline-color has-black-color\">No colegiados: <strong>75\u20ac<\/strong><\/span><\/p>\n\n\n\n<p class=\"has-medium-font-size\"><span class=\"has-inline-color has-black-color\">Colegiados y personal de farmacia: <\/span><strong><span class=\"has-inline-color has-vivid-green-cyan-color\">60\u20ac<\/span><\/strong> <span class=\"has-inline-color has-black-color\">(bonificado)<\/span><\/p>\n\n\n\n<p class=\"has-text-align-left\"><a href=\"https:\/\/tecnicoenfarmaciayparafarmacia.com\/Formacion_farmacias\/?page_id=951\">M\u00e1s informaci\u00f3n<\/a><\/p>\n<\/div><\/div>\n\n\n\n<hr style=\"height:1px;border:none;color:#333;background-color:#333;\">\n\n\n\n<div class=\"wp-block-media-text alignwide has-media-on-the-right is-stacked-on-mobile is-vertically-aligned-top\" style=\"grid-template-columns:auto 40%\"><figure class=\"wp-block-media-text__media\"><img loading=\"lazy\" width=\"300\" height=\"200\" src=\"https:\/\/tecnicoenfarmaciayparafarmacia.com\/Formacion_farmacias\/wp-content\/uploads\/2021\/10\/Gest08.jpg\" alt=\"\" class=\"wp-image-373 size-full\" srcset=\"https:\/\/tecnicoenfarmaciayparafarmacia.com\/Formacion_farmacias\/wp-content\/uploads\/2021\/10\/Gest08.jpg 300w, https:\/\/tecnicoenfarmaciayparafarmacia.com\/Formacion_farmacias\/wp-content\/uploads\/2021\/10\/Gest08-174x116.jpg 174w\" sizes=\"(max-width: 300px) 100vw, 300px\" \/><\/figure><div class=\"wp-block-media-text__content\">\n<p class=\"has-text-align-right\" style=\"font-size:24px\"><strong>Principales Aspectos Num\u00e9ricos de un Ecommerce<\/strong><\/p>\n\n\n\n<p class=\"has-text-align-right\"><span class=\"has-inline-color has-black-color\"><strong>Duraci\u00f3n: <\/strong>20 horas<\/span><\/p>\n\n\n\n<p class=\"has-text-align-right\"><span class=\"has-inline-color has-black-color\"><span class=\"has-inline-color has-black-color\">No colegiados: <strong>150\u20ac<\/strong><\/span><\/span><\/p>\n\n\n\n<p class=\"has-text-align-right has-medium-font-size\"><span class=\"has-inline-color has-black-color\">Colegiados y personal de farmacia: <\/span><span class=\"has-inline-color has-vivid-green-cyan-color\"><strong>120\u20ac <\/strong><\/span><span class=\"has-inline-color has-black-color\">(bonificado)<\/span><\/p>\n\n\n\n<p class=\"has-text-align-right\"><a href=\"https:\/\/tecnicoenfarmaciayparafarmacia.com\/Formacion_farmacias\/?page_id=951\">M\u00e1s informaci\u00f3n<\/a><\/p>\n<\/div><\/div>\n\n\n\n<hr style=\"height:1px;border:none;color:#333;background-color:#333;\">\n\n\n\n<div class=\"wp-block-media-text alignwide is-stacked-on-mobile is-vertically-aligned-top has-cyan-bluish-gray-color has-text-color\" style=\"grid-template-columns:40% auto\"><figure class=\"wp-block-media-text__media\"><img loading=\"lazy\" width=\"300\" height=\"200\" src=\"https:\/\/tecnicoenfarmaciayparafarmacia.com\/Formacion_farmacias\/wp-content\/uploads\/2021\/10\/Gest09.jpg\" alt=\"\" class=\"wp-image-374 size-full\" srcset=\"https:\/\/tecnicoenfarmaciayparafarmacia.com\/Formacion_farmacias\/wp-content\/uploads\/2021\/10\/Gest09.jpg 300w, https:\/\/tecnicoenfarmaciayparafarmacia.com\/Formacion_farmacias\/wp-content\/uploads\/2021\/10\/Gest09-174x116.jpg 174w\" sizes=\"(max-width: 300px) 100vw, 300px\" \/><\/figure><div class=\"wp-block-media-text__content\">\n<p class=\"has-text-align-left has-black-color has-text-color\" style=\"font-size:24px\"><strong>CRM. Gesti\u00f3n de Clientes<\/strong><\/p>\n\n\n\n<p class=\"has-text-align-left\"><span class=\"has-inline-color has-black-color\"><strong>Duraci\u00f3n:<\/strong> 40 horas<\/span><\/p>\n\n\n\n<p><span class=\"has-inline-color has-black-color\">No colegiados: <strong>-\u20ac<\/strong><\/span> <\/p>\n\n\n\n<p class=\"has-medium-font-size\"><span class=\"has-inline-color has-black-color\">Colegiados y personal de farmacia: <\/span><strong><span class=\"has-inline-color has-vivid-green-cyan-color\">&#8211;<\/span><span class=\"has-inline-color has-vivid-green-cyan-color\"><\/span><span class=\"has-inline-color has-vivid-green-cyan-color\">\u20ac<\/span><\/strong> <span class=\"has-inline-color has-black-color\">(bonificado)<\/span><\/p>\n\n\n\n<p class=\"has-text-align-left\">M\u00e1s informaci\u00f3n <strong><span class=\"has-inline-color has-vivid-red-color\">(En desarrollo)<\/span><\/strong><\/p>\n<\/div><\/div>\n\n\n\n<hr style=\"height:1px;border:none;color:#333;background-color:#333;\">\n","protected":false},"excerpt":{"rendered":"<p>Fidelizaci\u00f3n de Clientes Duraci\u00f3n: 20 horas No colegiados: 150\u20ac Colegiados y personal de farmacia: 120\u20ac (bonificado) M\u00e1s informaci\u00f3n Venta Online (Ecommerce) Duraci\u00f3n: 35 horas No colegiados: 265\u20ac Colegiados y personal de farmacia: 195\u20ac (bonificado) M\u00e1s informaci\u00f3n Fundamentos de Fidelizaci\u00f3n de Clientes Duraci\u00f3n: 10 horas No colegiados: 75\u20ac Colegiados y personal de farmacia: 60\u20ac (bonificado) M\u00e1s &hellip; <\/p>\n<p class=\"link-more\"><a href=\"https:\/\/tecnicoenfarmaciayparafarmacia.com\/Formacion_farmacias\/?page_id=366\" class=\"more-link\">Leer m\u00e1s<span class=\"screen-reader-text\"> \u00abCursos de Gesti\u00f3n Comercial\u00bb<\/span><\/a><\/p>\n","protected":false},"author":1,"featured_media":0,"parent":0,"menu_order":0,"comment_status":"closed","ping_status":"closed","template":"","meta":[],"yoast_head":"<!-- This site is optimized with the Yoast SEO plugin v18.0 - https:\/\/yoast.com\/wordpress\/plugins\/seo\/ -->\n<title>Cursos de Gesti\u00f3n Comercial - Formaci\u00f3n Icofma<\/title>\n<meta name=\"robots\" content=\"index, follow, max-snippet:-1, max-image-preview:large, max-video-preview:-1\" \/>\n<link rel=\"canonical\" href=\"https:\/\/tecnicoenfarmaciayparafarmacia.com\/Formacion_farmacias\/?page_id=366\" \/>\n<meta property=\"og:locale\" content=\"es_ES\" \/>\n<meta property=\"og:type\" content=\"article\" \/>\n<meta property=\"og:title\" content=\"Cursos de Gesti\u00f3n Comercial - Formaci\u00f3n Icofma\" \/>\n<meta property=\"og:description\" content=\"Fidelizaci\u00f3n de Clientes Duraci\u00f3n: 20 horas No colegiados: 150\u20ac Colegiados y personal de farmacia: 120\u20ac (bonificado) M\u00e1s informaci\u00f3n Venta Online (Ecommerce) Duraci\u00f3n: 35 horas No colegiados: 265\u20ac Colegiados y personal de farmacia: 195\u20ac (bonificado) M\u00e1s informaci\u00f3n Fundamentos de Fidelizaci\u00f3n de Clientes Duraci\u00f3n: 10 horas No colegiados: 75\u20ac Colegiados y personal de farmacia: 60\u20ac (bonificado) M\u00e1s &hellip; Leer m\u00e1s \u00abCursos de Gesti\u00f3n Comercial\u00bb\" \/>\n<meta property=\"og:url\" content=\"https:\/\/tecnicoenfarmaciayparafarmacia.com\/Formacion_farmacias\/?page_id=366\" \/>\n<meta property=\"og:site_name\" content=\"Formaci\u00f3n Icofma\" \/>\n<meta property=\"article:modified_time\" content=\"2022-05-12T11:33:06+00:00\" \/>\n<meta property=\"og:image\" content=\"https:\/\/tecnicoenfarmaciayparafarmacia.com\/Formacion_farmacias\/wp-content\/uploads\/2021\/10\/FARMA13.jpg\" \/>\n<meta name=\"twitter:card\" content=\"summary_large_image\" \/>\n<meta name=\"twitter:label1\" content=\"Tiempo de lectura\" \/>\n\t<meta name=\"twitter:data1\" content=\"3 minutos\" \/>\n<script type=\"application\/ld+json\" class=\"yoast-schema-graph\">{\"@context\":\"https:\/\/schema.org\",\"@graph\":[{\"@type\":\"WebSite\",\"@id\":\"https:\/\/tecnicoenfarmaciayparafarmacia.com\/Formacion_farmacias\/#website\",\"url\":\"https:\/\/tecnicoenfarmaciayparafarmacia.com\/Formacion_farmacias\/\",\"name\":\"Formaci\u00f3n Icofma\",\"description\":\"Formaci\u00f3n por y para Farmacias\",\"potentialAction\":[{\"@type\":\"SearchAction\",\"target\":{\"@type\":\"EntryPoint\",\"urlTemplate\":\"https:\/\/tecnicoenfarmaciayparafarmacia.com\/Formacion_farmacias\/?s={search_term_string}\"},\"query-input\":\"required name=search_term_string\"}],\"inLanguage\":\"es\"},{\"@type\":\"ImageObject\",\"@id\":\"https:\/\/tecnicoenfarmaciayparafarmacia.com\/Formacion_farmacias\/?page_id=366#primaryimage\",\"inLanguage\":\"es\",\"url\":\"https:\/\/tecnicoenfarmaciayparafarmacia.com\/Formacion_farmacias\/wp-content\/uploads\/2021\/10\/FARMA13.jpg\",\"contentUrl\":\"https:\/\/tecnicoenfarmaciayparafarmacia.com\/Formacion_farmacias\/wp-content\/uploads\/2021\/10\/FARMA13.jpg\",\"width\":300,\"height\":200},{\"@type\":\"WebPage\",\"@id\":\"https:\/\/tecnicoenfarmaciayparafarmacia.com\/Formacion_farmacias\/?page_id=366#webpage\",\"url\":\"https:\/\/tecnicoenfarmaciayparafarmacia.com\/Formacion_farmacias\/?page_id=366\",\"name\":\"Cursos de Gesti\u00f3n Comercial - Formaci\u00f3n Icofma\",\"isPartOf\":{\"@id\":\"https:\/\/tecnicoenfarmaciayparafarmacia.com\/Formacion_farmacias\/#website\"},\"primaryImageOfPage\":{\"@id\":\"https:\/\/tecnicoenfarmaciayparafarmacia.com\/Formacion_farmacias\/?page_id=366#primaryimage\"},\"datePublished\":\"2021-10-12T11:21:01+00:00\",\"dateModified\":\"2022-05-12T11:33:06+00:00\",\"breadcrumb\":{\"@id\":\"https:\/\/tecnicoenfarmaciayparafarmacia.com\/Formacion_farmacias\/?page_id=366#breadcrumb\"},\"inLanguage\":\"es\",\"potentialAction\":[{\"@type\":\"ReadAction\",\"target\":[\"https:\/\/tecnicoenfarmaciayparafarmacia.com\/Formacion_farmacias\/?page_id=366\"]}]},{\"@type\":\"BreadcrumbList\",\"@id\":\"https:\/\/tecnicoenfarmaciayparafarmacia.com\/Formacion_farmacias\/?page_id=366#breadcrumb\",\"itemListElement\":[{\"@type\":\"ListItem\",\"position\":1,\"name\":\"Home\",\"item\":\"https:\/\/tecnicoenfarmaciayparafarmacia.com\/Formacion_farmacias\/\"},{\"@type\":\"ListItem\",\"position\":2,\"name\":\"Cursos de Gesti\u00f3n Comercial\"}]}]}<\/script>\n<!-- \/ Yoast SEO plugin. -->","yoast_head_json":{"title":"Cursos de Gesti\u00f3n Comercial - Formaci\u00f3n Icofma","robots":{"index":"index","follow":"follow","max-snippet":"max-snippet:-1","max-image-preview":"max-image-preview:large","max-video-preview":"max-video-preview:-1"},"canonical":"https:\/\/tecnicoenfarmaciayparafarmacia.com\/Formacion_farmacias\/?page_id=366","og_locale":"es_ES","og_type":"article","og_title":"Cursos de Gesti\u00f3n Comercial - Formaci\u00f3n Icofma","og_description":"Fidelizaci\u00f3n de Clientes Duraci\u00f3n: 20 horas No colegiados: 150\u20ac Colegiados y personal de farmacia: 120\u20ac (bonificado) M\u00e1s informaci\u00f3n Venta Online (Ecommerce) Duraci\u00f3n: 35 horas No colegiados: 265\u20ac Colegiados y personal de farmacia: 195\u20ac (bonificado) M\u00e1s informaci\u00f3n Fundamentos de Fidelizaci\u00f3n de Clientes Duraci\u00f3n: 10 horas No colegiados: 75\u20ac Colegiados y personal de farmacia: 60\u20ac (bonificado) M\u00e1s &hellip; Leer m\u00e1s \u00abCursos de Gesti\u00f3n Comercial\u00bb","og_url":"https:\/\/tecnicoenfarmaciayparafarmacia.com\/Formacion_farmacias\/?page_id=366","og_site_name":"Formaci\u00f3n Icofma","article_modified_time":"2022-05-12T11:33:06+00:00","og_image":[{"url":"https:\/\/tecnicoenfarmaciayparafarmacia.com\/Formacion_farmacias\/wp-content\/uploads\/2021\/10\/FARMA13.jpg"}],"twitter_card":"summary_large_image","twitter_misc":{"Tiempo de lectura":"3 minutos"},"schema":{"@context":"https:\/\/schema.org","@graph":[{"@type":"WebSite","@id":"https:\/\/tecnicoenfarmaciayparafarmacia.com\/Formacion_farmacias\/#website","url":"https:\/\/tecnicoenfarmaciayparafarmacia.com\/Formacion_farmacias\/","name":"Formaci\u00f3n Icofma","description":"Formaci\u00f3n por y para Farmacias","potentialAction":[{"@type":"SearchAction","target":{"@type":"EntryPoint","urlTemplate":"https:\/\/tecnicoenfarmaciayparafarmacia.com\/Formacion_farmacias\/?s={search_term_string}"},"query-input":"required name=search_term_string"}],"inLanguage":"es"},{"@type":"ImageObject","@id":"https:\/\/tecnicoenfarmaciayparafarmacia.com\/Formacion_farmacias\/?page_id=366#primaryimage","inLanguage":"es","url":"https:\/\/tecnicoenfarmaciayparafarmacia.com\/Formacion_farmacias\/wp-content\/uploads\/2021\/10\/FARMA13.jpg","contentUrl":"https:\/\/tecnicoenfarmaciayparafarmacia.com\/Formacion_farmacias\/wp-content\/uploads\/2021\/10\/FARMA13.jpg","width":300,"height":200},{"@type":"WebPage","@id":"https:\/\/tecnicoenfarmaciayparafarmacia.com\/Formacion_farmacias\/?page_id=366#webpage","url":"https:\/\/tecnicoenfarmaciayparafarmacia.com\/Formacion_farmacias\/?page_id=366","name":"Cursos de Gesti\u00f3n Comercial - Formaci\u00f3n Icofma","isPartOf":{"@id":"https:\/\/tecnicoenfarmaciayparafarmacia.com\/Formacion_farmacias\/#website"},"primaryImageOfPage":{"@id":"https:\/\/tecnicoenfarmaciayparafarmacia.com\/Formacion_farmacias\/?page_id=366#primaryimage"},"datePublished":"2021-10-12T11:21:01+00:00","dateModified":"2022-05-12T11:33:06+00:00","breadcrumb":{"@id":"https:\/\/tecnicoenfarmaciayparafarmacia.com\/Formacion_farmacias\/?page_id=366#breadcrumb"},"inLanguage":"es","potentialAction":[{"@type":"ReadAction","target":["https:\/\/tecnicoenfarmaciayparafarmacia.com\/Formacion_farmacias\/?page_id=366"]}]},{"@type":"BreadcrumbList","@id":"https:\/\/tecnicoenfarmaciayparafarmacia.com\/Formacion_farmacias\/?page_id=366#breadcrumb","itemListElement":[{"@type":"ListItem","position":1,"name":"Home","item":"https:\/\/tecnicoenfarmaciayparafarmacia.com\/Formacion_farmacias\/"},{"@type":"ListItem","position":2,"name":"Cursos de Gesti\u00f3n Comercial"}]}]}},"_links":{"self":[{"href":"https:\/\/tecnicoenfarmaciayparafarmacia.com\/Formacion_farmacias\/index.php?rest_route=\/wp\/v2\/pages\/366"}],"collection":[{"href":"https:\/\/tecnicoenfarmaciayparafarmacia.com\/Formacion_farmacias\/index.php?rest_route=\/wp\/v2\/pages"}],"about":[{"href":"https:\/\/tecnicoenfarmaciayparafarmacia.com\/Formacion_farmacias\/index.php?rest_route=\/wp\/v2\/types\/page"}],"author":[{"embeddable":true,"href":"https:\/\/tecnicoenfarmaciayparafarmacia.com\/Formacion_farmacias\/index.php?rest_route=\/wp\/v2\/users\/1"}],"replies":[{"embeddable":true,"href":"https:\/\/tecnicoenfarmaciayparafarmacia.com\/Formacion_farmacias\/index.php?rest_route=%2Fwp%2Fv2%2Fcomments&post=366"}],"version-history":[{"count":4,"href":"https:\/\/tecnicoenfarmaciayparafarmacia.com\/Formacion_farmacias\/index.php?rest_route=\/wp\/v2\/pages\/366\/revisions"}],"predecessor-version":[{"id":983,"href":"https:\/\/tecnicoenfarmaciayparafarmacia.com\/Formacion_farmacias\/index.php?rest_route=\/wp\/v2\/pages\/366\/revisions\/983"}],"wp:attachment":[{"href":"https:\/\/tecnicoenfarmaciayparafarmacia.com\/Formacion_farmacias\/index.php?rest_route=%2Fwp%2Fv2%2Fmedia&parent=366"}],"curies":[{"name":"wp","href":"https:\/\/api.w.org\/{rel}","templated":true}]}}